{"id":32862,"date":"2022-09-01T10:10:04","date_gmt":"2022-09-01T10:10:04","guid":{"rendered":"http:\/\/interservice.razvija.se\/manipulation-and-transport\/"},"modified":"2024-11-22T08:20:32","modified_gmt":"2024-11-22T08:20:32","slug":"pretovor-in-prevoz","status":"publish","type":"page","link":"https:\/\/interservice.si\/sl\/storitve\/pretovor-in-prevoz\/","title":{"rendered":"Pretovor in prevoz"},"content":{"rendered":"<p><section class=\"kc-elm kc-css-377659 kc_row\"><div class=\" container\"><div class=\"row\"><div class=\"kc-elm kc-css-125337 column col-lg-7\"><div class=\"kc-col-container\"><div class=\"kc-elm kc-css-526111 kc_text_block\"><\/p>\n<p>Na\u0161a izku\u0161ena ekipa je vedno prisotna pri pretovoru ob\u010dutljivih, predvsem pokvarljivih tovorov. Na ta na\u010din lahko naro\u010dnike na licu mesta obvestimo o morebitnih te\u017eavah (tj. okvare, po\u0161kodbe). <br \/>Prisotni smo v vseh fazah pretovora in poskrbimo, da so vse storitve opravljene popolno: sledenje po\u0161iljki, razvr\u0161\u010danje blaga, pretovarjanje in zagotavljanje, da je vse pripravljeno za transport.<br \/>Imamo \u0161iroko in zanesljivo mre\u017eo transportnih partnerjev, s katerimi organiziramo prevoz za vse vrste tovora. Na\u0161im naro\u010dnikom nudimo vrhunsko storitev za konkuren\u010dno ceno.<\/p>\n<p>Kontaktirajte nas in pripravili vam bomo ponudbo, ki najbolj ustreza va\u0161im \u017eeljam in zahtevam.<\/p>\n<p>\n<\/div><\/div><\/div><\/div><\/div><\/section><section class=\"kc-elm kc-css-187869 kc_row bg-inquiry\"><div class=\" container-fluid\"><div class=\"row\"><div class=\"kc-elm kc-css-963312 column col-lg-8\"><div class=\"kc-col-container\">\n<div class=\"kc-elm kc-css-967146 kc-title-wrap \">\n\n\t<h1 class=\"kc_title\">PO\u0160LJI POVPRA\u0160EVANJE<\/h1>\n<\/div>\n<div class=\"kc-elm kc-css-474598 kc_text_block\"><\/p>\n<p>Imate za nas kako vpra\u0161anje? Z veseljem vam bomo odgovorili.<\/p>\n<p>\n<\/div>\n<div class=\"kc-elm kc-css-557259\">\n\t<a class=\"kc_button btn btn-light text-primary\" href=\"https:\/\/interservice.si\/sl\/kontakti\/povprasevanje\/\" target=\"_self\" title=\"POVPRA\u0160EVANJE\" onclick=\"\">\n\t\tKONTAKTIRAJTE NAS\t<\/a>\n<\/div>\n<\/div><\/div><\/div><\/div><\/section><section class=\"kc-elm kc-css-746814 kc_row bg-left\"><div class=\" container-fluid\"><div class=\"row\"><div class=\"kc-elm kc-css-376806 col-lg-12 column col-12\"><div class=\"kc-col-container\">\n<div class=\"kc-elm kc-css-376560 kc-title-wrap \">\n\n\t<h1 class=\"kc_title\">NARO\u010cI SVOJ PREVOZ<\/h1>\n<\/div>\n<div class=\"kc-elm kc-css-806430 kc_text_block\"><\/p>\n<p>Na\u0161i naro\u010dniki lahko prevoz blaga naro\u010dijo kar po spletu.<\/p>\n<p>\n<\/div>\n<div class=\"kc-elm kc-css-488948\">\n\t<a class=\"kc_button btn btn-light text-primary\" href=\"https:\/\/interservice.si\/sl\/prevozi\/\" target=\"_self\" title=\"Prevozi\" onclick=\"\">\n\t\tPREBERI VE\u010c\t<\/a>\n<\/div>\n<\/div><\/div><\/div><\/div><\/section><section class=\"kc-elm kc-css-157123 kc_row\"><div class=\" container\"><div class=\"row\"><div class=\"kc-elm kc-css-905769 col-lg-12 column col-12\"><div class=\"kc-col-container\"><div class=\"div-wrapper kc-elm kc-css-963995 col-lg-6\">\n<div class=\"kc-elm kc-css-789194 kc-title-wrap \">\n\n\t<h1 class=\"kc_title\">Na\u0161e storitve<\/h1>\n<\/div>\n<div class=\"kc-elm kc-css-205652 kc_text_block\"><\/p>\n<p>V sodelovanju z najbolj strokovnimi agenti vam lahko zagotovimo optimalno storitev za prevoz va\u0161ega blaga po celem svetu.<\/p>\n<p>\n<\/div><\/div>\n\n<div class=\"clear\"><\/div>\n<div class=\"mod-id-991795 kc-elm kc-css-991795 kc-raw-code emigma-icon-box-outer custom\">\n    <div class=\"layout-grid-3\">\n        \n            \n                                    \n\n            <div class=\"item-box d-flex align-items-center\">\n                <div class=\"icon position-relative mr-3\">\n                    <img decoding=\"async\" src=\"https:\/\/interservice.si\/wp-content\/uploads\/2022\/08\/AdobeStock_290813334.png\" alt=\"\">\n                    <img decoding=\"async\" class=\"inner\" src=\"https:\/\/interservice.si\/wp-content\/uploads\/2022\/08\/Group-679.png\" alt=\"\">\n                <\/div>\n                <div class=\"content\">\n                    <p class=\"title\">Pretovor & prevoz<\/p>\n                    <a class=\"text-uppercase underline\" href=\"https:\/\/interservice.si\/sl\/storitve\/pretovor-in-prevoz\/\">Preberi ve\u010d<\/a>\n\n                <\/div>\n            <\/div>           \n\n        \n            \n                                    \n\n            <div class=\"item-box d-flex align-items-center\">\n                <div class=\"icon position-relative mr-3\">\n                    <img decoding=\"async\" src=\"https:\/\/interservice.si\/wp-content\/uploads\/2022\/09\/Perishable-Goods.png\" alt=\"\">\n                    <img decoding=\"async\" class=\"inner\" src=\"https:\/\/interservice.si\/wp-content\/uploads\/2022\/09\/Group-678.svg\" alt=\"\">\n                <\/div>\n                <div class=\"content\">\n                    <p class=\"title\">Pokvarljivo blago<\/p>\n                    <a class=\"text-uppercase underline\" href=\"https:\/\/interservice.si\/sl\/storitve\/pokvarljivo-blago\/\">Preberi ve\u010d<\/a>\n\n                <\/div>\n            <\/div>           \n\n        \n            \n                                    \n\n            <div class=\"item-box d-flex align-items-center\">\n                <div class=\"icon position-relative mr-3\">\n                    <img decoding=\"async\" src=\"https:\/\/interservice.si\/wp-content\/uploads\/2022\/09\/Air-Freight.png\" alt=\"\">\n                    <img decoding=\"async\" class=\"inner\" src=\"https:\/\/interservice.si\/wp-content\/uploads\/2022\/09\/Group-675.svg\" alt=\"\">\n                <\/div>\n                <div class=\"content\">\n                    <p class=\"title\">Letalski prevoz<\/p>\n                    <a class=\"text-uppercase underline\" href=\"https:\/\/interservice.si\/sl\/storitve\/letalski-prevoz\/\">Preberi ve\u010d<\/a>\n\n                <\/div>\n            <\/div>           \n\n        \n            \n                                    \n\n            <div class=\"item-box d-flex align-items-center\">\n                <div class=\"icon position-relative mr-3\">\n                    <img decoding=\"async\" src=\"https:\/\/interservice.si\/wp-content\/uploads\/2022\/09\/Sea-Fright.png\" alt=\"\">\n                    <img decoding=\"async\" class=\"inner\" src=\"https:\/\/interservice.si\/wp-content\/uploads\/2022\/09\/Group-680.svg\" alt=\"\">\n                <\/div>\n                <div class=\"content\">\n                    <p class=\"title\">Pomorski prevoz<\/p>\n                    <a class=\"text-uppercase underline\" href=\"https:\/\/interservice.si\/sl\/storitve\/pomorski-prevoz\/\">Preberi ve\u010d<\/a>\n\n                <\/div>\n            <\/div>           \n\n        \n            \n                                    \n\n            <div class=\"item-box d-flex align-items-center\">\n                <div class=\"icon position-relative mr-3\">\n                    <img decoding=\"async\" src=\"https:\/\/interservice.si\/wp-content\/uploads\/2022\/09\/Import-Export.png\" alt=\"\">\n                    <img decoding=\"async\" class=\"inner\" src=\"https:\/\/interservice.si\/wp-content\/uploads\/2022\/09\/Group-677.svg\" alt=\"\">\n                <\/div>\n                <div class=\"content\">\n                    <p class=\"title\">Uvoz & izvoz<\/p>\n                    <a class=\"text-uppercase underline\" href=\"https:\/\/interservice.si\/sl\/storitve\/uvoz-in-izvoz\/\">Preberi ve\u010d<\/a>\n\n                <\/div>\n            <\/div>           \n\n        \n            \n                                    \n\n            <div class=\"item-box d-flex align-items-center\">\n                <div class=\"icon position-relative mr-3\">\n                    <img decoding=\"async\" src=\"https:\/\/interservice.si\/wp-content\/uploads\/2022\/09\/Handling-of-Goods.png\" alt=\"\">\n                    <img decoding=\"async\" class=\"inner\" src=\"https:\/\/interservice.si\/wp-content\/uploads\/2022\/09\/Group-676.svg\" alt=\"\">\n                <\/div>\n                <div class=\"content\">\n                    <p class=\"title\">Ravnanje s tovorom<\/p>\n                    <a class=\"text-uppercase underline\" href=\"https:\/\/interservice.si\/sl\/storitve\/ravnanje-s-tovorom\/\">Preberi ve\u010d<\/a>\n\n                <\/div>\n            <\/div>           \n\n            <\/div>\n<\/div>\n<div class=\"clear\"><\/div><\/div><\/div><\/div><\/div><\/section><section class=\"kc-elm kc-css-976664 kc_row\"><div class=\" container\"><div class=\"row\"><div class=\"kc-elm kc-css-443750 col-lg-12 column col-12\"><div class=\"kc-col-container\"><div class=\"div-wrapper kc-elm kc-css-898157 p-4\">\n<div class=\"kc-elm kc-css-68157 kc-title-wrap \">\n\n\t<h1 class=\"kc_title\">MEETING PLANNER<\/h1>\n<\/div>\n<div class=\"kc-elm kc-css-561483 kc_text_block\"><\/p>\n<p>Lorem ipsum dolor sit amet consectetur adipisicing elit. Eligendi, a suscipit deserunt debitis necessitatibus asperiores blanditiis nisi dolore facere minima earum vero ex et architecto, fugit similique ipsam aliquam ullam.<\/p>\n<p>\n<\/div>\n<div class=\"kc-elm kc-css-256859\">\n\t<a class=\"kc_button underline white text-white\" href=\"#\" onclick=\"\">\n\t\tSTART NOW\t<\/a>\n<\/div>\n<\/div><\/div><\/div><\/div><\/div><\/section><section class=\"kc-elm kc-css-458909 kc_row\"><div class=\" container\"><div class=\"row\"><div class=\"kc-elm kc-css-1879 col-lg-7 column pr-0\"><div class=\"kc-col-container\"><div class=\"div-wrapper kc-elm kc-css-735275 p-4\">\n<div class=\"kc-elm kc-css-531496 kc-title-wrap \">\n\n\t<h1 class=\"kc_title\">NARO\u010cI SVETOVANJE<\/h1>\n<\/div>\n<div class=\"kc-elm kc-css-154362 kc_text_block\"><\/p>\n<p>Na\u0161a izku\u0161ena ekipa vam bo svetovala pri optimizaciji va\u0161ih logisti\u010dnih procesov.<\/p>\n<p>\n<\/div>\n<div class=\"kc-elm kc-css-339036\">\n\t<a class=\"kc_button underline white text-white\" href=\"https:\/\/interservice.si\/sl\/naroci-svetovanje\/\" target=\"_self\" title=\"Naro\u010di svetovanje\" onclick=\"\">\n\t\tPI\u0160ITE NAM\t<\/a>\n<\/div>\n<\/div><\/div><\/div><div class=\"kc-elm kc-css-414105 col-lg-5 column planner-bg\"><div class=\"kc-col-container\"><div class=\"kc-elm kc-css-460013 kc_shortcode kc_single_image\">\n\n        <img decoding=\"async\" src=\"https:\/\/interservice.si\/wp-content\/uploads\/2022\/09\/Mask-Group-3.svg\" class=\"meeting-white\" alt=\"\" \/>    <\/div>\n<\/div><\/div><\/div><\/div><\/section><\/p>\n","protected":false},"excerpt":{"rendered":"<p>Na\u0161im naro\u010dnikom ponujamo najbolj kakovostno storitev pop konkuren\u010dni ceni.<\/p>\n","protected":false},"author":4,"featured_media":32428,"parent":32879,"menu_order":34,"comment_status":"closed","ping_status":"closed","template":"page-templates\/subpage.php","meta":{"_acf_changed":false,"footnotes":""},"class_list":["post-32862","page","type-page","status-publish","has-post-thumbnail","hentry"],"acf":[],"_links":{"self":[{"href":"https:\/\/interservice.si\/sl\/wp-json\/wp\/v2\/pages\/32862","targetHints":{"allow":["GET"]}}],"collection":[{"href":"https:\/\/interservice.si\/sl\/wp-json\/wp\/v2\/pages"}],"about":[{"href":"https:\/\/interservice.si\/sl\/wp-json\/wp\/v2\/types\/page"}],"author":[{"embeddable":true,"href":"https:\/\/interservice.si\/sl\/wp-json\/wp\/v2\/users\/4"}],"replies":[{"embeddable":true,"href":"https:\/\/interservice.si\/sl\/wp-json\/wp\/v2\/comments?post=32862"}],"version-history":[{"count":12,"href":"https:\/\/interservice.si\/sl\/wp-json\/wp\/v2\/pages\/32862\/revisions"}],"predecessor-version":[{"id":33377,"href":"https:\/\/interservice.si\/sl\/wp-json\/wp\/v2\/pages\/32862\/revisions\/33377"}],"up":[{"embeddable":true,"href":"https:\/\/interservice.si\/sl\/wp-json\/wp\/v2\/pages\/32879"}],"wp:featuredmedia":[{"embeddable":true,"href":"https:\/\/interservice.si\/sl\/wp-json\/wp\/v2\/media\/32428"}],"wp:attachment":[{"href":"https:\/\/interservice.si\/sl\/wp-json\/wp\/v2\/media?parent=32862"}],"curies":[{"name":"wp","href":"https:\/\/api.w.org\/{rel}","templated":true}]}}