{"id":32863,"date":"2022-09-01T10:09:07","date_gmt":"2022-09-01T10:09:07","guid":{"rendered":"http:\/\/interservice.razvija.se\/perishable-goods\/"},"modified":"2022-09-13T08:25:17","modified_gmt":"2022-09-13T08:25:17","slug":"pokvarljivo-blago","status":"publish","type":"page","link":"https:\/\/interservice.si\/sl\/storitve\/pokvarljivo-blago\/","title":{"rendered":"Pokvarljivo blago"},"content":{"rendered":"<p><section class=\"kc-elm kc-css-28325 kc_row\"><div class=\" container\"><div class=\"row\"><div class=\"kc-elm kc-css-339324 column col-lg-7\"><div class=\"kc-col-container\"><div class=\"kc-elm kc-css-247521 kc_text_block\"><\/p>\n<p>Na\u0161a ekipa je osebno prisotna pri vsakem ravnanju z blagom in poskrbi, da je vsaka po\u0161iljka obravnavana zelo skrbno in natan\u010dno.<\/p>\n<p>\u00a0V tej panogi poslovanja nudimo:<\/p>\n<ul>\n<li>Naro\u010danje cestnega prevoza<\/li>\n<li>Priprava carinske dokumentacije<\/li>\n<li>Priprava dokumentacije za zdravstvene in fitosanitarne preglede<\/li>\n<li>Razvr\u0161\u010danje in ozna\u010devanje blaga<\/li>\n<li>Skladi\u0161\u010denje<\/li>\n<li>Informacije o statusu po\u0161iljke<\/li>\n<li>Vse ostale spremljajo\u010de storitve<\/li>\n<\/ul>\n<p>\n<\/div><\/div><\/div><\/div><\/div><\/section><section class=\"kc-elm kc-css-192078 kc_row bg-inquiry\"><div class=\" container-fluid\"><div class=\"row\"><div class=\"kc-elm kc-css-458902 column col-lg-8\"><div class=\"kc-col-container\">\n<div class=\"kc-elm kc-css-636057 kc-title-wrap \">\n\n\t<h1 class=\"kc_title\">PO\u0160LJI POVPRA\u0160EVANJE<\/h1>\n<\/div>\n<div class=\"kc-elm kc-css-649147 kc_text_block\"><\/p>\n<p>Imate za nas kako vpra\u0161anje? Z veseljem vam bomo odgovorili.<\/p>\n<p>\n<\/div>\n<div class=\"kc-elm kc-css-145175\">\n\t<a class=\"kc_button btn btn-light text-primary\" href=\"https:\/\/interservice.si\/sl\/kontakti\/povprasevanje\/\" target=\"_self\" title=\"POVPRA\u0160EVANJE\" onclick=\"\">\n\t\tKONTAKTIRAJTE NAS\t<\/a>\n<\/div>\n<\/div><\/div><\/div><\/div><\/section><section class=\"kc-elm kc-css-77301 kc_row bg-left\"><div class=\" container-fluid\"><div class=\"row\"><div class=\"kc-elm kc-css-225070 col-lg-12 column col-12\"><div class=\"kc-col-container\">\n<div class=\"kc-elm kc-css-589514 kc-title-wrap \">\n\n\t<h1 class=\"kc_title\">NARO\u010cI SVOJ PREVOZ<\/h1>\n<\/div>\n<div class=\"kc-elm kc-css-506873 kc_text_block\"><\/p>\n<p>Na\u0161i naro\u010dniki lahko prevoz blaga naro\u010dijo kar po spletu.<\/p>\n<p>\n<\/div>\n<div class=\"kc-elm kc-css-219662\">\n\t<a class=\"kc_button btn btn-light text-primary\" href=\"https:\/\/interservice.si\/sl\/prevozi\/\" target=\"_self\" title=\"Prevozi\" onclick=\"\">\n\t\tPREBERI VE\u010c\t<\/a>\n<\/div>\n<\/div><\/div><\/div><\/div><\/section><section class=\"kc-elm kc-css-455058 kc_row\"><div class=\" container\"><div class=\"row\"><div class=\"kc-elm kc-css-490788 col-lg-12 column col-12\"><div class=\"kc-col-container\"><div class=\"div-wrapper kc-elm kc-css-927729 col-lg-6\">\n<div class=\"kc-elm kc-css-374057 kc-title-wrap \">\n\n\t<h1 class=\"kc_title\">Na\u0161e storitve<\/h1>\n<\/div>\n<div class=\"kc-elm kc-css-609666 kc_text_block\"><\/p>\n<p>V sodelovanju z najbolj strokovnimi agenti vam lahko zagotovimo optimalno storitev za prevoz va\u0161ega blaga po celem svetu.<\/p>\n<p>\n<\/div><\/div>\n\n<div class=\"clear\"><\/div>\n<div class=\"mod-id-527434 kc-elm kc-css-527434 kc-raw-code emigma-icon-box-outer custom\">\n    <div class=\"layout-grid-3\">\n        \n            \n                                    \n\n            <div class=\"item-box d-flex align-items-center\">\n                <div class=\"icon position-relative mr-3\">\n                    <img decoding=\"async\" src=\"https:\/\/interservice.si\/wp-content\/uploads\/2022\/08\/AdobeStock_290813334.png\" alt=\"\">\n                    <img decoding=\"async\" class=\"inner\" src=\"https:\/\/interservice.si\/wp-content\/uploads\/2022\/08\/Group-679.png\" alt=\"\">\n                <\/div>\n                <div class=\"content\">\n                    <p class=\"title\">Pretovor & prevoz<\/p>\n                    <a class=\"text-uppercase underline\" href=\"https:\/\/interservice.si\/sl\/storitve\/pretovor-in-prevoz\/\">Preberi ve\u010d<\/a>\n\n                <\/div>\n            <\/div>           \n\n        \n            \n                                    \n\n            <div class=\"item-box d-flex align-items-center\">\n                <div class=\"icon position-relative mr-3\">\n                    <img decoding=\"async\" src=\"https:\/\/interservice.si\/wp-content\/uploads\/2022\/09\/Perishable-Goods.png\" alt=\"\">\n                    <img decoding=\"async\" class=\"inner\" src=\"https:\/\/interservice.si\/wp-content\/uploads\/2022\/09\/Group-678.svg\" alt=\"\">\n                <\/div>\n                <div class=\"content\">\n                    <p class=\"title\">Pokvarljivo blago<\/p>\n                    <a class=\"text-uppercase underline\" href=\"https:\/\/interservice.si\/sl\/storitve\/pokvarljivo-blago\/\">Preberi ve\u010d<\/a>\n\n                <\/div>\n            <\/div>           \n\n        \n            \n                                    \n\n            <div class=\"item-box d-flex align-items-center\">\n                <div class=\"icon position-relative mr-3\">\n                    <img decoding=\"async\" src=\"https:\/\/interservice.si\/wp-content\/uploads\/2022\/09\/Air-Freight.png\" alt=\"\">\n                    <img decoding=\"async\" class=\"inner\" src=\"https:\/\/interservice.si\/wp-content\/uploads\/2022\/09\/Group-675.svg\" alt=\"\">\n                <\/div>\n                <div class=\"content\">\n                    <p class=\"title\">Letalski prevoz<\/p>\n                    <a class=\"text-uppercase underline\" href=\"https:\/\/interservice.si\/sl\/storitve\/letalski-prevoz\/\">Preberi ve\u010d<\/a>\n\n                <\/div>\n            <\/div>           \n\n        \n            \n                                    \n\n            <div class=\"item-box d-flex align-items-center\">\n                <div class=\"icon position-relative mr-3\">\n                    <img decoding=\"async\" src=\"https:\/\/interservice.si\/wp-content\/uploads\/2022\/09\/Sea-Fright.png\" alt=\"\">\n                    <img decoding=\"async\" class=\"inner\" src=\"https:\/\/interservice.si\/wp-content\/uploads\/2022\/09\/Group-680.svg\" alt=\"\">\n                <\/div>\n                <div class=\"content\">\n                    <p class=\"title\">Pomorski prevoz<\/p>\n                    <a class=\"text-uppercase underline\" href=\"https:\/\/interservice.si\/sl\/storitve\/pomorski-prevoz\/\">Preberi ve\u010d<\/a>\n\n                <\/div>\n            <\/div>           \n\n        \n            \n                                    \n\n            <div class=\"item-box d-flex align-items-center\">\n                <div class=\"icon position-relative mr-3\">\n                    <img decoding=\"async\" src=\"https:\/\/interservice.si\/wp-content\/uploads\/2022\/09\/Import-Export.png\" alt=\"\">\n                    <img decoding=\"async\" class=\"inner\" src=\"https:\/\/interservice.si\/wp-content\/uploads\/2022\/09\/Group-677.svg\" alt=\"\">\n                <\/div>\n                <div class=\"content\">\n                    <p class=\"title\">Uvoz & izvoz<\/p>\n                    <a class=\"text-uppercase underline\" href=\"https:\/\/interservice.si\/sl\/storitve\/uvoz-in-izvoz\/\">Preberi ve\u010d<\/a>\n\n                <\/div>\n            <\/div>           \n\n        \n            \n                                    \n\n            <div class=\"item-box d-flex align-items-center\">\n                <div class=\"icon position-relative mr-3\">\n                    <img decoding=\"async\" src=\"https:\/\/interservice.si\/wp-content\/uploads\/2022\/09\/Handling-of-Goods.png\" alt=\"\">\n                    <img decoding=\"async\" class=\"inner\" src=\"https:\/\/interservice.si\/wp-content\/uploads\/2022\/09\/Group-676.svg\" alt=\"\">\n                <\/div>\n                <div class=\"content\">\n                    <p class=\"title\">Ravnanje s tovorom<\/p>\n                    <a class=\"text-uppercase underline\" href=\"https:\/\/interservice.si\/sl\/storitve\/ravnanje-s-tovorom\/\">Preberi ve\u010d<\/a>\n\n                <\/div>\n            <\/div>           \n\n            <\/div>\n<\/div>\n<div class=\"clear\"><\/div><\/div><\/div><\/div><\/div><\/section><section class=\"kc-elm kc-css-613574 kc_row\"><div class=\" container\"><div class=\"row\"><div class=\"kc-elm kc-css-361537 col-lg-12 column col-12\"><div class=\"kc-col-container\"><div class=\"div-wrapper kc-elm kc-css-671601 p-4\">\n<div class=\"kc-elm kc-css-405390 kc-title-wrap \">\n\n\t<h1 class=\"kc_title\">MEETING PLANNER<\/h1>\n<\/div>\n<div class=\"kc-elm kc-css-758443 kc_text_block\"><\/p>\n<p>Lorem ipsum dolor sit amet consectetur adipisicing elit. Eligendi, a suscipit deserunt debitis necessitatibus asperiores blanditiis nisi dolore facere minima earum vero ex et architecto, fugit similique ipsam aliquam ullam.<\/p>\n<p>\n<\/div>\n<div class=\"kc-elm kc-css-639487\">\n\t<a class=\"kc_button underline white text-white\" href=\"#\" onclick=\"\">\n\t\tSTART NOW\t<\/a>\n<\/div>\n<\/div><\/div><\/div><\/div><\/div><\/section><section class=\"kc-elm kc-css-61285 kc_row\"><div class=\" container\"><div class=\"row\"><div class=\"kc-elm kc-css-938169 col-lg-7 column pr-0\"><div class=\"kc-col-container\"><div class=\"div-wrapper kc-elm kc-css-101958 p-4\">\n<div class=\"kc-elm kc-css-604580 kc-title-wrap \">\n\n\t<h1 class=\"kc_title\">NARO\u010cI SVETOVANJE<\/h1>\n<\/div>\n<div class=\"kc-elm kc-css-784215 kc_text_block\"><\/p>\n<p>Na\u0161a izku\u0161ena ekipa vam bo svetovala pri optimizaciji va\u0161ih logisti\u010dnih procesov.<\/p>\n<p>\n<\/div>\n<div class=\"kc-elm kc-css-532378\">\n\t<a class=\"kc_button underline white text-white\" href=\"https:\/\/interservice.si\/sl\/naroci-svetovanje\/\" target=\"_self\" title=\"Naro\u010di svetovanje\" onclick=\"\">\n\t\tPI\u0160ITE NAM\t<\/a>\n<\/div>\n<\/div><\/div><\/div><div class=\"kc-elm kc-css-916341 col-lg-5 column planner-bg\"><div class=\"kc-col-container\"><div class=\"kc-elm kc-css-616519 kc_shortcode kc_single_image\">\n\n        <img decoding=\"async\" src=\"https:\/\/interservice.si\/wp-content\/uploads\/2022\/09\/Mask-Group-3.svg\" class=\"meeting-white\" alt=\"\" \/>    <\/div>\n<\/div><\/div><\/div><\/div><\/section><\/p>\n","protected":false},"excerpt":{"rendered":"<p>V zadnjih letih pridobivamo veliko izku\u0161enj na podro\u010dju ravnanja s hitro pokvarljivim blagom. <\/p>\n","protected":false},"author":4,"featured_media":32428,"parent":32879,"menu_order":35,"comment_status":"closed","ping_status":"closed","template":"page-templates\/subpage.php","meta":{"_acf_changed":false,"footnotes":""},"class_list":["post-32863","page","type-page","status-publish","has-post-thumbnail","hentry"],"acf":[],"_links":{"self":[{"href":"https:\/\/interservice.si\/sl\/wp-json\/wp\/v2\/pages\/32863","targetHints":{"allow":["GET"]}}],"collection":[{"href":"https:\/\/interservice.si\/sl\/wp-json\/wp\/v2\/pages"}],"about":[{"href":"https:\/\/interservice.si\/sl\/wp-json\/wp\/v2\/types\/page"}],"author":[{"embeddable":true,"href":"https:\/\/interservice.si\/sl\/wp-json\/wp\/v2\/users\/4"}],"replies":[{"embeddable":true,"href":"https:\/\/interservice.si\/sl\/wp-json\/wp\/v2\/comments?post=32863"}],"version-history":[{"count":15,"href":"https:\/\/interservice.si\/sl\/wp-json\/wp\/v2\/pages\/32863\/revisions"}],"predecessor-version":[{"id":33304,"href":"https:\/\/interservice.si\/sl\/wp-json\/wp\/v2\/pages\/32863\/revisions\/33304"}],"up":[{"embeddable":true,"href":"https:\/\/interservice.si\/sl\/wp-json\/wp\/v2\/pages\/32879"}],"wp:featuredmedia":[{"embeddable":true,"href":"https:\/\/interservice.si\/sl\/wp-json\/wp\/v2\/media\/32428"}],"wp:attachment":[{"href":"https:\/\/interservice.si\/sl\/wp-json\/wp\/v2\/media?parent=32863"}],"curies":[{"name":"wp","href":"https:\/\/api.w.org\/{rel}","templated":true}]}}