{"id":32864,"date":"2022-09-01T10:08:39","date_gmt":"2022-09-01T10:08:39","guid":{"rendered":"http:\/\/interservice.razvija.se\/air-freight\/"},"modified":"2022-09-05T09:09:56","modified_gmt":"2022-09-05T09:09:56","slug":"letalski-prevoz","status":"publish","type":"page","link":"https:\/\/interservice.si\/sl\/storitve\/letalski-prevoz\/","title":{"rendered":"Letalski prevoz"},"content":{"rendered":"<p><section class=\"kc-elm kc-css-880490 kc_row\"><div class=\" container\"><div class=\"row\"><div class=\"kc-elm kc-css-528935 column col-lg-7\"><div class=\"kc-col-container\"><div class=\"kc-elm kc-css-320929 kc_text_block\"><\/p>\n<p>Z na\u0161o poslovalnico na Letali\u0161\u010du Jo\u017eeta Pu\u010dnika Ljubljana Brnik in v sodelovanju z na\u0161o obse\u017eno partnersko mre\u017eo vam lahko ponudimo:<\/p>\n<ul>\n<li>Uvoz in izvoz po\u0161iljk<\/li>\n<li>Storitev od vrat do vrat<\/li>\n<li>Ekspresne po\u0161iljke<\/li>\n<li>Kurirske storitve<\/li>\n<li>Organizacijo vseh carinskih in in\u0161pekcijskih formalnosti (dokumenti, pregledi&#8230;)<\/li>\n<li>Sledljivost v vsakem trenutku<\/li>\n<li>Organizacijo prevoza nevarnega tovora (DGR)<\/li>\n<li>Organizacijo prevoza po\u0161iljk s posebnim re\u017eimom (vrednej\u0161i tovor, \u017eive \u017eivali, hitro pokvarljivo blago&#8230;)<\/li>\n<\/ul>\n<p>\n<\/div><\/div><\/div><\/div><\/div><\/section><section class=\"kc-elm kc-css-628042 kc_row bg-inquiry\"><div class=\" container-fluid\"><div class=\"row\"><div class=\"kc-elm kc-css-359661 column col-lg-8\"><div class=\"kc-col-container\">\n<div class=\"kc-elm kc-css-248752 kc-title-wrap \">\n\n\t<h1 class=\"kc_title\">PO\u0160LJI POVPRA\u0160EVANJE<\/h1>\n<\/div>\n<div class=\"kc-elm kc-css-757482 kc_text_block\"><\/p>\n<p>Imate za nas kako vpra\u0161anje? Z veseljem vam bomo odgovorili.<\/p>\n<p>\n<\/div>\n<div class=\"kc-elm kc-css-567989\">\n\t<a class=\"kc_button btn btn-light text-primary\" href=\"https:\/\/interservice.si\/sl\/kontakti\/povprasevanje\/\" target=\"_self\" title=\"POVPRA\u0160EVANJE\" onclick=\"\">\n\t\tKONTAKTIRAJTE NAS\t<\/a>\n<\/div>\n<\/div><\/div><\/div><\/div><\/section><section class=\"kc-elm kc-css-662925 kc_row bg-left\"><div class=\" container-fluid\"><div class=\"row\"><div class=\"kc-elm kc-css-137687 col-lg-12 column col-12\"><div class=\"kc-col-container\">\n<div class=\"kc-elm kc-css-786611 kc-title-wrap \">\n\n\t<h1 class=\"kc_title\">NARO\u010cI SVOJ PREVOZ<\/h1>\n<\/div>\n<div class=\"kc-elm kc-css-788934 kc_text_block\"><\/p>\n<p>Na\u0161i naro\u010dniki lahko prevoz blaga naro\u010dijo kar po spletu.<\/p>\n<p>\n<\/div>\n<div class=\"kc-elm kc-css-222018\">\n\t<a class=\"kc_button btn btn-light text-primary\" href=\"https:\/\/interservice.si\/sl\/prevozi\/\" target=\"_self\" title=\"Prevozi\" onclick=\"\">\n\t\tPREBERI VE\u010c\t<\/a>\n<\/div>\n<\/div><\/div><\/div><\/div><\/section><section class=\"kc-elm kc-css-995247 kc_row\"><div class=\" container\"><div class=\"row\"><div class=\"kc-elm kc-css-760805 col-lg-12 column col-12\"><div class=\"kc-col-container\"><div class=\"div-wrapper kc-elm kc-css-489131 col-lg-6\">\n<div class=\"kc-elm kc-css-750460 kc-title-wrap \">\n\n\t<h1 class=\"kc_title\">Na\u0161e storitve<\/h1>\n<\/div>\n<div class=\"kc-elm kc-css-119627 kc_text_block\"><\/p>\n<p>V sodelovanju z najbolj strokovnimi agenti vam lahko zagotovimo optimalno storitev za prevoz va\u0161ega blaga po celem svetu.<\/p>\n<p>\n<\/div><\/div>\n\n<div class=\"clear\"><\/div>\n<div class=\"mod-id-241702 kc-elm kc-css-241702 kc-raw-code emigma-icon-box-outer custom\">\n    <div class=\"layout-grid-3\">\n        \n            \n                                    \n\n            <div class=\"item-box d-flex align-items-center\">\n                <div class=\"icon position-relative mr-3\">\n                    <img decoding=\"async\" src=\"https:\/\/interservice.si\/wp-content\/uploads\/2022\/08\/AdobeStock_290813334.png\" alt=\"\">\n                    <img decoding=\"async\" class=\"inner\" src=\"https:\/\/interservice.si\/wp-content\/uploads\/2022\/08\/Group-679.png\" alt=\"\">\n                <\/div>\n                <div class=\"content\">\n                    <p class=\"title\">Pretovor & prevoz<\/p>\n                    <a class=\"text-uppercase underline\" href=\"https:\/\/interservice.si\/sl\/storitve\/pretovor-in-prevoz\/\">Preberi ve\u010d<\/a>\n\n                <\/div>\n            <\/div>           \n\n        \n            \n                                    \n\n            <div class=\"item-box d-flex align-items-center\">\n                <div class=\"icon position-relative mr-3\">\n                    <img decoding=\"async\" src=\"https:\/\/interservice.si\/wp-content\/uploads\/2022\/09\/Perishable-Goods.png\" alt=\"\">\n                    <img decoding=\"async\" class=\"inner\" src=\"https:\/\/interservice.si\/wp-content\/uploads\/2022\/09\/Group-678.svg\" alt=\"\">\n                <\/div>\n                <div class=\"content\">\n                    <p class=\"title\">Pokvarljivo blago<\/p>\n                    <a class=\"text-uppercase underline\" href=\"https:\/\/interservice.si\/sl\/storitve\/pokvarljivo-blago\/\">Preberi ve\u010d<\/a>\n\n                <\/div>\n            <\/div>           \n\n        \n            \n                                    \n\n            <div class=\"item-box d-flex align-items-center\">\n                <div class=\"icon position-relative mr-3\">\n                    <img decoding=\"async\" src=\"https:\/\/interservice.si\/wp-content\/uploads\/2022\/09\/Air-Freight.png\" alt=\"\">\n                    <img decoding=\"async\" class=\"inner\" src=\"https:\/\/interservice.si\/wp-content\/uploads\/2022\/09\/Group-675.svg\" alt=\"\">\n                <\/div>\n                <div class=\"content\">\n                    <p class=\"title\">Letalski prevoz<\/p>\n                    <a class=\"text-uppercase underline\" href=\"https:\/\/interservice.si\/sl\/storitve\/letalski-prevoz\/\">Preberi ve\u010d<\/a>\n\n                <\/div>\n            <\/div>           \n\n        \n            \n                                    \n\n            <div class=\"item-box d-flex align-items-center\">\n                <div class=\"icon position-relative mr-3\">\n                    <img decoding=\"async\" src=\"https:\/\/interservice.si\/wp-content\/uploads\/2022\/09\/Sea-Fright.png\" alt=\"\">\n                    <img decoding=\"async\" class=\"inner\" src=\"https:\/\/interservice.si\/wp-content\/uploads\/2022\/09\/Group-680.svg\" alt=\"\">\n                <\/div>\n                <div class=\"content\">\n                    <p class=\"title\">Pomorski prevoz<\/p>\n                    <a class=\"text-uppercase underline\" href=\"https:\/\/interservice.si\/sl\/storitve\/pomorski-prevoz\/\">Preberi ve\u010d<\/a>\n\n                <\/div>\n            <\/div>           \n\n        \n            \n                                    \n\n            <div class=\"item-box d-flex align-items-center\">\n                <div class=\"icon position-relative mr-3\">\n                    <img decoding=\"async\" src=\"https:\/\/interservice.si\/wp-content\/uploads\/2022\/09\/Import-Export.png\" alt=\"\">\n                    <img decoding=\"async\" class=\"inner\" src=\"https:\/\/interservice.si\/wp-content\/uploads\/2022\/09\/Group-677.svg\" alt=\"\">\n                <\/div>\n                <div class=\"content\">\n                    <p class=\"title\">Uvoz & izvoz<\/p>\n                    <a class=\"text-uppercase underline\" href=\"https:\/\/interservice.si\/sl\/storitve\/uvoz-in-izvoz\/\">Preberi ve\u010d<\/a>\n\n                <\/div>\n            <\/div>           \n\n        \n            \n                                    \n\n            <div class=\"item-box d-flex align-items-center\">\n                <div class=\"icon position-relative mr-3\">\n                    <img decoding=\"async\" src=\"https:\/\/interservice.si\/wp-content\/uploads\/2022\/09\/Handling-of-Goods.png\" alt=\"\">\n                    <img decoding=\"async\" class=\"inner\" src=\"https:\/\/interservice.si\/wp-content\/uploads\/2022\/09\/Group-676.svg\" alt=\"\">\n                <\/div>\n                <div class=\"content\">\n                    <p class=\"title\">Ravnanje s tovorom<\/p>\n                    <a class=\"text-uppercase underline\" href=\"https:\/\/interservice.si\/sl\/storitve\/ravnanje-s-tovorom\/\">Preberi ve\u010d<\/a>\n\n                <\/div>\n            <\/div>           \n\n            <\/div>\n<\/div>\n<div class=\"clear\"><\/div><\/div><\/div><\/div><\/div><\/section><section class=\"kc-elm kc-css-339017 kc_row\"><div class=\" container\"><div class=\"row\"><div class=\"kc-elm kc-css-835250 col-lg-12 column col-12\"><div class=\"kc-col-container\"><div class=\"div-wrapper kc-elm kc-css-691843 p-4\">\n<div class=\"kc-elm kc-css-718380 kc-title-wrap \">\n\n\t<h1 class=\"kc_title\">MEETING PLANNER<\/h1>\n<\/div>\n<div class=\"kc-elm kc-css-376203 kc_text_block\"><\/p>\n<p>Lorem ipsum dolor sit amet consectetur adipisicing elit. Eligendi, a suscipit deserunt debitis necessitatibus asperiores blanditiis nisi dolore facere minima earum vero ex et architecto, fugit similique ipsam aliquam ullam.<\/p>\n<p>\n<\/div>\n<div class=\"kc-elm kc-css-148702\">\n\t<a class=\"kc_button underline white text-white\" href=\"#\" onclick=\"\">\n\t\tSTART NOW\t<\/a>\n<\/div>\n<\/div><\/div><\/div><\/div><\/div><\/section><section class=\"kc-elm kc-css-767473 kc_row\"><div class=\" container\"><div class=\"row\"><div class=\"kc-elm kc-css-844367 col-lg-7 column pr-0\"><div class=\"kc-col-container\"><div class=\"div-wrapper kc-elm kc-css-89323 p-4\">\n<div class=\"kc-elm kc-css-772063 kc-title-wrap \">\n\n\t<h1 class=\"kc_title\">NARO\u010cI SVETOVANJE<\/h1>\n<\/div>\n<div class=\"kc-elm kc-css-991349 kc_text_block\"><\/p>\n<p>Na\u0161a izku\u0161ena ekipa vam bo svetovala pri optimizaciji va\u0161ih logisti\u010dnih procesov.<\/p>\n<p>\n<\/div>\n<div class=\"kc-elm kc-css-945795\">\n\t<a class=\"kc_button underline white text-white\" href=\"https:\/\/interservice.si\/sl\/naroci-svetovanje\/\" target=\"_self\" title=\"Naro\u010di svetovanje\" onclick=\"\">\n\t\tPI\u0160ITE NAM\t<\/a>\n<\/div>\n<\/div><\/div><\/div><div class=\"kc-elm kc-css-803111 col-lg-5 column planner-bg\"><div class=\"kc-col-container\"><div class=\"kc-elm kc-css-30370 kc_shortcode kc_single_image\">\n\n        <img decoding=\"async\" src=\"https:\/\/interservice.si\/wp-content\/uploads\/2022\/09\/Mask-Group-3.svg\" class=\"meeting-white\" alt=\"\" \/>    <\/div>\n<\/div><\/div><\/div><\/div><\/section><\/p>\n","protected":false},"excerpt":{"rendered":"<p>V sodelovanju z na\u0161imi partnerji poskrbimo za prevzem in dostavo letalskih po\u0161iljk po vsem svetu.<\/p>\n","protected":false},"author":4,"featured_media":32428,"parent":32879,"menu_order":38,"comment_status":"closed","ping_status":"closed","template":"page-templates\/subpage.php","meta":{"_acf_changed":false,"footnotes":""},"class_list":["post-32864","page","type-page","status-publish","has-post-thumbnail","hentry"],"acf":[],"_links":{"self":[{"href":"https:\/\/interservice.si\/sl\/wp-json\/wp\/v2\/pages\/32864","targetHints":{"allow":["GET"]}}],"collection":[{"href":"https:\/\/interservice.si\/sl\/wp-json\/wp\/v2\/pages"}],"about":[{"href":"https:\/\/interservice.si\/sl\/wp-json\/wp\/v2\/types\/page"}],"author":[{"embeddable":true,"href":"https:\/\/interservice.si\/sl\/wp-json\/wp\/v2\/users\/4"}],"replies":[{"embeddable":true,"href":"https:\/\/interservice.si\/sl\/wp-json\/wp\/v2\/comments?post=32864"}],"version-history":[{"count":11,"href":"https:\/\/interservice.si\/sl\/wp-json\/wp\/v2\/pages\/32864\/revisions"}],"predecessor-version":[{"id":33129,"href":"https:\/\/interservice.si\/sl\/wp-json\/wp\/v2\/pages\/32864\/revisions\/33129"}],"up":[{"embeddable":true,"href":"https:\/\/interservice.si\/sl\/wp-json\/wp\/v2\/pages\/32879"}],"wp:featuredmedia":[{"embeddable":true,"href":"https:\/\/interservice.si\/sl\/wp-json\/wp\/v2\/media\/32428"}],"wp:attachment":[{"href":"https:\/\/interservice.si\/sl\/wp-json\/wp\/v2\/media?parent=32864"}],"curies":[{"name":"wp","href":"https:\/\/api.w.org\/{rel}","templated":true}]}}