{"id":32865,"date":"2022-09-01T10:07:45","date_gmt":"2022-09-01T10:07:45","guid":{"rendered":"http:\/\/interservice.razvija.se\/import-and-export\/"},"modified":"2022-09-13T08:24:09","modified_gmt":"2022-09-13T08:24:09","slug":"uvoz-in-izvoz","status":"publish","type":"page","link":"https:\/\/interservice.si\/sl\/storitve\/uvoz-in-izvoz\/","title":{"rendered":"Uvoz &#038; izvoz"},"content":{"rendered":"<p><section class=\"kc-elm kc-css-942134 kc_row\"><div class=\" container\"><div class=\"row\"><div class=\"kc-elm kc-css-571114 column col-lg-7\"><div class=\"kc-col-container\"><div class=\"kc-elm kc-css-679502 kc_text_block\"><\/p>\n<p>Upo\u0161tevajo\u010d va\u0161e \u017eelje in zahteve bomo poiskali najbolj optimalen na\u010din prevoza va\u0161ega blaga do cilja; naj bo to s tovornjakom, vlakom, z ladjo ali letalom. Poskrbeli bomo tudi za najbolj ustrezen tip embala\u017ee glede na vsebino tovora.<\/p>\n<p>Na\u0161im strankam nudimo naslednje storitve:<\/p>\n<\/p>\n<ul>\n<li>Neposredno in posredno zastopanje strank pri rednih in poenostavljenih carinskih postopkih<\/li>\n<li>Urejanje dav\u010dnega zastopstva za tuje stranke (samo za \u010dlanice EU)<\/li>\n<li>Pomo\u010d pri odprtju slovenskega podjetja za tuje naro\u010dnike; pridobitev slovenske DDV\/dav\u010dne \u0161tevilke za carinske namene in vodenje evidence va\u0161ega podjetja<\/li>\n<li>Mo\u017enost poenostavljenega carinskega postopka (hitrej\u0161a izvedba carinskega postopka)<\/li>\n<li>Svetovanje glede klasifikacije ladje, kvot (\u010de obstajajo) itd<\/li>\n<li>Priprava celotne dokumentacije za veterinarske, fitosanitarne in zdravstvene in\u0161pektorje<\/li>\n<li>Garancija za prevoze znotraj EU<\/li>\n<li>Druge storitve, ki izpolnjujejo potrebe na\u0161ih strank<\/li>\n<\/ul>\n<div>\u00a0<\/div>\n<p>\n<\/div><\/div><\/div><\/div><\/div><\/section><section class=\"kc-elm kc-css-864259 kc_row bg-inquiry\"><div class=\" container-fluid\"><div class=\"row\"><div class=\"kc-elm kc-css-687520 column col-lg-8\"><div class=\"kc-col-container\">\n<div class=\"kc-elm kc-css-363637 kc-title-wrap \">\n\n\t<h1 class=\"kc_title\">PO\u0160LJI POVPRA\u0160EVANJE<\/h1>\n<\/div>\n<div class=\"kc-elm kc-css-158479 kc_text_block\"><\/p>\n<p>Imate za nas kako vpra\u0161anje? Z veseljem vam bomo odgovorili.<\/p>\n<p>\n<\/div>\n<div class=\"kc-elm kc-css-604727\">\n\t<a class=\"kc_button btn btn-light text-primary\" href=\"https:\/\/interservice.si\/sl\/kontakti\/povprasevanje\/\" target=\"_self\" title=\"POVPRA\u0160EVANJE\" onclick=\"\">\n\t\tKONTAKTIRAJTE NAS\t<\/a>\n<\/div>\n<\/div><\/div><\/div><\/div><\/section><section class=\"kc-elm kc-css-518789 kc_row bg-left\"><div class=\" container-fluid\"><div class=\"row\"><div class=\"kc-elm kc-css-266930 col-lg-12 column col-12\"><div class=\"kc-col-container\">\n<div class=\"kc-elm kc-css-998438 kc-title-wrap \">\n\n\t<h1 class=\"kc_title\">NARO\u010cI SVOJ PREVOZ<\/h1>\n<\/div>\n<div class=\"kc-elm kc-css-776163 kc_text_block\"><\/p>\n<p>Na\u0161i naro\u010dniki lahko prevoz blaga naro\u010dijo kar po spletu.<\/p>\n<p>\n<\/div>\n<div class=\"kc-elm kc-css-44298\">\n\t<a class=\"kc_button btn btn-light text-primary\" href=\"https:\/\/interservice.si\/sl\/prevozi\/\" target=\"_self\" title=\"Prevozi\" onclick=\"\">\n\t\tPREBERI VE\u010c\t<\/a>\n<\/div>\n<\/div><\/div><\/div><\/div><\/section><section class=\"kc-elm kc-css-931879 kc_row\"><div class=\" container\"><div class=\"row\"><div class=\"kc-elm kc-css-556446 col-lg-12 column col-12\"><div class=\"kc-col-container\"><div class=\"div-wrapper kc-elm kc-css-735702 col-lg-6\">\n<div class=\"kc-elm kc-css-240675 kc-title-wrap \">\n\n\t<h1 class=\"kc_title\">Na\u0161e storitve<\/h1>\n<\/div>\n<div class=\"kc-elm kc-css-516855 kc_text_block\"><\/p>\n<p>V sodelovanju z najbolj strokovnimi agenti vam lahko zagotovimo optimalno storitev za prevoz va\u0161ega blaga po celem svetu.<\/p>\n<p>\n<\/div><\/div>\n\n<div class=\"clear\"><\/div>\n<div class=\"mod-id-340471 kc-elm kc-css-340471 kc-raw-code emigma-icon-box-outer custom\">\n    <div class=\"layout-grid-3\">\n        \n            \n                                    \n\n            <div class=\"item-box d-flex align-items-center\">\n                <div class=\"icon position-relative mr-3\">\n                    <img decoding=\"async\" src=\"https:\/\/interservice.si\/wp-content\/uploads\/2022\/08\/AdobeStock_290813334.png\" alt=\"\">\n                    <img decoding=\"async\" class=\"inner\" src=\"https:\/\/interservice.si\/wp-content\/uploads\/2022\/08\/Group-679.png\" alt=\"\">\n                <\/div>\n                <div class=\"content\">\n                    <p class=\"title\">Pretovor & prevoz<\/p>\n                    <a class=\"text-uppercase underline\" href=\"https:\/\/interservice.si\/sl\/storitve\/pretovor-in-prevoz\/\">Preberi ve\u010d<\/a>\n\n                <\/div>\n            <\/div>           \n\n        \n            \n                                    \n\n            <div class=\"item-box d-flex align-items-center\">\n                <div class=\"icon position-relative mr-3\">\n                    <img decoding=\"async\" src=\"https:\/\/interservice.si\/wp-content\/uploads\/2022\/09\/Perishable-Goods.png\" alt=\"\">\n                    <img decoding=\"async\" class=\"inner\" src=\"https:\/\/interservice.si\/wp-content\/uploads\/2022\/09\/Group-678.svg\" alt=\"\">\n                <\/div>\n                <div class=\"content\">\n                    <p class=\"title\">Pokvarljivo blago<\/p>\n                    <a class=\"text-uppercase underline\" href=\"https:\/\/interservice.si\/sl\/storitve\/pokvarljivo-blago\/\">Preberi ve\u010d<\/a>\n\n                <\/div>\n            <\/div>           \n\n        \n            \n                                    \n\n            <div class=\"item-box d-flex align-items-center\">\n                <div class=\"icon position-relative mr-3\">\n                    <img decoding=\"async\" src=\"https:\/\/interservice.si\/wp-content\/uploads\/2022\/09\/Air-Freight.png\" alt=\"\">\n                    <img decoding=\"async\" class=\"inner\" src=\"https:\/\/interservice.si\/wp-content\/uploads\/2022\/09\/Group-675.svg\" alt=\"\">\n                <\/div>\n                <div class=\"content\">\n                    <p class=\"title\">Letalski prevoz<\/p>\n                    <a class=\"text-uppercase underline\" href=\"https:\/\/interservice.si\/sl\/storitve\/letalski-prevoz\/\">Preberi ve\u010d<\/a>\n\n                <\/div>\n            <\/div>           \n\n        \n            \n                                    \n\n            <div class=\"item-box d-flex align-items-center\">\n                <div class=\"icon position-relative mr-3\">\n                    <img decoding=\"async\" src=\"https:\/\/interservice.si\/wp-content\/uploads\/2022\/09\/Sea-Fright.png\" alt=\"\">\n                    <img decoding=\"async\" class=\"inner\" src=\"https:\/\/interservice.si\/wp-content\/uploads\/2022\/09\/Group-680.svg\" alt=\"\">\n                <\/div>\n                <div class=\"content\">\n                    <p class=\"title\">Pomorski prevoz<\/p>\n                    <a class=\"text-uppercase underline\" href=\"https:\/\/interservice.si\/sl\/storitve\/pomorski-prevoz\/\">Preberi ve\u010d<\/a>\n\n                <\/div>\n            <\/div>           \n\n        \n            \n                                    \n\n            <div class=\"item-box d-flex align-items-center\">\n                <div class=\"icon position-relative mr-3\">\n                    <img decoding=\"async\" src=\"https:\/\/interservice.si\/wp-content\/uploads\/2022\/09\/Import-Export.png\" alt=\"\">\n                    <img decoding=\"async\" class=\"inner\" src=\"https:\/\/interservice.si\/wp-content\/uploads\/2022\/09\/Group-677.svg\" alt=\"\">\n                <\/div>\n                <div class=\"content\">\n                    <p class=\"title\">Uvoz & izvoz<\/p>\n                    <a class=\"text-uppercase underline\" href=\"https:\/\/interservice.si\/sl\/storitve\/uvoz-in-izvoz\/\">Preberi ve\u010d<\/a>\n\n                <\/div>\n            <\/div>           \n\n        \n            \n                                    \n\n            <div class=\"item-box d-flex align-items-center\">\n                <div class=\"icon position-relative mr-3\">\n                    <img decoding=\"async\" src=\"https:\/\/interservice.si\/wp-content\/uploads\/2022\/09\/Handling-of-Goods.png\" alt=\"\">\n                    <img decoding=\"async\" class=\"inner\" src=\"https:\/\/interservice.si\/wp-content\/uploads\/2022\/09\/Group-676.svg\" alt=\"\">\n                <\/div>\n                <div class=\"content\">\n                    <p class=\"title\">Ravnanje s tovorom<\/p>\n                    <a class=\"text-uppercase underline\" href=\"https:\/\/interservice.si\/sl\/storitve\/ravnanje-s-tovorom\/\">Preberi ve\u010d<\/a>\n\n                <\/div>\n            <\/div>           \n\n            <\/div>\n<\/div>\n<div class=\"clear\"><\/div><\/div><\/div><\/div><\/div><\/section><section class=\"kc-elm kc-css-336850 kc_row\"><div class=\" container\"><div class=\"row\"><div class=\"kc-elm kc-css-185728 col-lg-12 column col-12\"><div class=\"kc-col-container\"><div class=\"div-wrapper kc-elm kc-css-654446 p-4\">\n<div class=\"kc-elm kc-css-989510 kc-title-wrap \">\n\n\t<h1 class=\"kc_title\">MEETING PLANNER<\/h1>\n<\/div>\n<div class=\"kc-elm kc-css-433546 kc_text_block\"><\/p>\n<p>Lorem ipsum dolor sit amet consectetur adipisicing elit. Eligendi, a suscipit deserunt debitis necessitatibus asperiores blanditiis nisi dolore facere minima earum vero ex et architecto, fugit similique ipsam aliquam ullam.<\/p>\n<p>\n<\/div>\n<div class=\"kc-elm kc-css-107750\">\n\t<a class=\"kc_button underline white text-white\" href=\"#\" onclick=\"\">\n\t\tSTART NOW\t<\/a>\n<\/div>\n<\/div><\/div><\/div><\/div><\/div><\/section><section class=\"kc-elm kc-css-45851 kc_row\"><div class=\" container\"><div class=\"row\"><div class=\"kc-elm kc-css-457428 col-lg-7 column pr-0\"><div class=\"kc-col-container\"><div class=\"div-wrapper kc-elm kc-css-239155 p-4\">\n<div class=\"kc-elm kc-css-897526 kc-title-wrap \">\n\n\t<h1 class=\"kc_title\">NARO\u010cI SVETOVANJE<\/h1>\n<\/div>\n<div class=\"kc-elm kc-css-557163 kc_text_block\"><\/p>\n<p>Na\u0161a izku\u0161ena ekipa vam bo svetovala pri optimizaciji va\u0161ih logisti\u010dnih procesov.<\/p>\n<p>\n<\/div>\n<div class=\"kc-elm kc-css-759840\">\n\t<a class=\"kc_button underline white text-white\" href=\"https:\/\/interservice.si\/sl\/naroci-svetovanje\/\" target=\"_self\" title=\"Naro\u010di svetovanje\" onclick=\"\">\n\t\tPI\u0160ITE NAM\t<\/a>\n<\/div>\n<\/div><\/div><\/div><div class=\"kc-elm kc-css-61650 col-lg-5 column planner-bg\"><div class=\"kc-col-container\"><div class=\"kc-elm kc-css-676612 kc_shortcode kc_single_image\">\n\n        <img decoding=\"async\" src=\"https:\/\/interservice.si\/wp-content\/uploads\/2022\/09\/Mask-Group-3.svg\" class=\"meeting-white\" alt=\"\" \/>    <\/div>\n<\/div><\/div><\/div><\/div><\/section><\/p>\n","protected":false},"excerpt":{"rendered":"","protected":false},"author":4,"featured_media":32428,"parent":32879,"menu_order":29,"comment_status":"closed","ping_status":"closed","template":"page-templates\/subpage.php","meta":{"_acf_changed":false,"footnotes":""},"class_list":["post-32865","page","type-page","status-publish","has-post-thumbnail","hentry"],"acf":[],"_links":{"self":[{"href":"https:\/\/interservice.si\/sl\/wp-json\/wp\/v2\/pages\/32865","targetHints":{"allow":["GET"]}}],"collection":[{"href":"https:\/\/interservice.si\/sl\/wp-json\/wp\/v2\/pages"}],"about":[{"href":"https:\/\/interservice.si\/sl\/wp-json\/wp\/v2\/types\/page"}],"author":[{"embeddable":true,"href":"https:\/\/interservice.si\/sl\/wp-json\/wp\/v2\/users\/4"}],"replies":[{"embeddable":true,"href":"https:\/\/interservice.si\/sl\/wp-json\/wp\/v2\/comments?post=32865"}],"version-history":[{"count":12,"href":"https:\/\/interservice.si\/sl\/wp-json\/wp\/v2\/pages\/32865\/revisions"}],"predecessor-version":[{"id":33301,"href":"https:\/\/interservice.si\/sl\/wp-json\/wp\/v2\/pages\/32865\/revisions\/33301"}],"up":[{"embeddable":true,"href":"https:\/\/interservice.si\/sl\/wp-json\/wp\/v2\/pages\/32879"}],"wp:featuredmedia":[{"embeddable":true,"href":"https:\/\/interservice.si\/sl\/wp-json\/wp\/v2\/media\/32428"}],"wp:attachment":[{"href":"https:\/\/interservice.si\/sl\/wp-json\/wp\/v2\/media?parent=32865"}],"curies":[{"name":"wp","href":"https:\/\/api.w.org\/{rel}","templated":true}]}}