{"id":32866,"date":"2022-09-01T09:51:56","date_gmt":"2022-09-01T09:51:56","guid":{"rendered":"http:\/\/interservice.razvija.se\/handling-of-goods\/"},"modified":"2022-09-06T09:12:13","modified_gmt":"2022-09-06T09:12:13","slug":"ravnanje-s-tovorom","status":"publish","type":"page","link":"https:\/\/interservice.si\/sl\/storitve\/ravnanje-s-tovorom\/","title":{"rendered":"Ravnanje s tovorom"},"content":{"rendered":"<p><section class=\"kc-elm kc-css-637650 kc_row\"><div class=\" container\"><div class=\"row\"><div class=\"kc-elm kc-css-526084 column col-lg-7\"><div class=\"kc-col-container\"><div class=\"kc-elm kc-css-778687 kc_text_block\"><\/p>\n<p>Pisarna Interservice Koper se nahaja v pristani\u0161\u010du Luka Koper, kar nam omogo\u010da stalen nadzor nad vsemi postopki, ki se izvajajo v pristani\u0161\u010du. To je le ena izmed mnogih prednosti, zakaj se stranke odlo\u010dajo za sodelovanje s skupino Interservice.<\/p>\n<p>\n<\/div><\/div><\/div><\/div><\/div><\/section><section class=\"kc-elm kc-css-199335 kc_row bg-inquiry\"><div class=\" container-fluid\"><div class=\"row\"><div class=\"kc-elm kc-css-601878 column col-lg-8\"><div class=\"kc-col-container\">\n<div class=\"kc-elm kc-css-299434 kc-title-wrap \">\n\n\t<h1 class=\"kc_title\">PO\u0160LJI POVPRA\u0160EVANJE<\/h1>\n<\/div>\n<div class=\"kc-elm kc-css-1522 kc_text_block\"><\/p>\n<p>Imate za nas kako vpra\u0161anje? Z veseljem vam bomo odgovorili.<\/p>\n<p>\n<\/div>\n<div class=\"kc-elm kc-css-868557\">\n\t<a class=\"kc_button btn btn-light text-primary\" href=\"https:\/\/interservice.si\/sl\/kontakti\/povprasevanje\/\" target=\"_self\" title=\"POVPRA\u0160EVANJE\" onclick=\"\">\n\t\tKONTAKTIRAJTE NAS\t<\/a>\n<\/div>\n<\/div><\/div><\/div><\/div><\/section><section class=\"kc-elm kc-css-121715 kc_row bg-left\"><div class=\" container-fluid\"><div class=\"row\"><div class=\"kc-elm kc-css-612578 col-lg-12 column col-12\"><div class=\"kc-col-container\">\n<div class=\"kc-elm kc-css-560497 kc-title-wrap \">\n\n\t<h1 class=\"kc_title\">NARO\u010cI SVOJ PREVOZ<\/h1>\n<\/div>\n<div class=\"kc-elm kc-css-287597 kc_text_block\"><\/p>\n<p>Na\u0161i naro\u010dniki lahko prevoz blaga naro\u010dijo kar po spletu.<\/p>\n<p>\n<\/div>\n<div class=\"kc-elm kc-css-317264\">\n\t<a class=\"kc_button btn btn-light text-primary\" href=\"https:\/\/interservice.si\/sl\/prevozi\/\" target=\"_self\" title=\"Prevozi\" onclick=\"\">\n\t\tPREBERI VE\u010c\t<\/a>\n<\/div>\n<\/div><\/div><\/div><\/div><\/section><section class=\"kc-elm kc-css-515650 kc_row\"><div class=\" container\"><div class=\"row\"><div class=\"kc-elm kc-css-144502 col-lg-12 column col-12\"><div class=\"kc-col-container\"><div class=\"div-wrapper kc-elm kc-css-470746 col-lg-6\">\n<div class=\"kc-elm kc-css-951344 kc-title-wrap \">\n\n\t<h1 class=\"kc_title\">Na\u0161e storitve<\/h1>\n<\/div>\n<div class=\"kc-elm kc-css-479279 kc_text_block\"><\/p>\n<p>V sodelovanju z najbolj strokovnimi agenti vam lahko zagotovimo optimalno storitev za prevoz va\u0161ega blaga po celem svetu.<\/p>\n<p>\n<\/div><\/div>\n\n<div class=\"clear\"><\/div>\n<div class=\"mod-id-879552 kc-elm kc-css-879552 kc-raw-code emigma-icon-box-outer custom\">\n    <div class=\"layout-grid-3\">\n        \n            \n                                    \n\n            <div class=\"item-box d-flex align-items-center\">\n                <div class=\"icon position-relative mr-3\">\n                    <img decoding=\"async\" src=\"https:\/\/interservice.si\/wp-content\/uploads\/2022\/08\/AdobeStock_290813334.png\" alt=\"\">\n                    <img decoding=\"async\" class=\"inner\" src=\"https:\/\/interservice.si\/wp-content\/uploads\/2022\/08\/Group-679.png\" alt=\"\">\n                <\/div>\n                <div class=\"content\">\n                    <p class=\"title\">Pretovor & prevoz<\/p>\n                    <a class=\"text-uppercase underline\" href=\"https:\/\/interservice.si\/sl\/storitve\/pretovor-in-prevoz\/\">Preberi ve\u010d<\/a>\n\n                <\/div>\n            <\/div>           \n\n        \n            \n                                    \n\n            <div class=\"item-box d-flex align-items-center\">\n                <div class=\"icon position-relative mr-3\">\n                    <img decoding=\"async\" src=\"https:\/\/interservice.si\/wp-content\/uploads\/2022\/09\/Perishable-Goods.png\" alt=\"\">\n                    <img decoding=\"async\" class=\"inner\" src=\"https:\/\/interservice.si\/wp-content\/uploads\/2022\/09\/Group-678.svg\" alt=\"\">\n                <\/div>\n                <div class=\"content\">\n                    <p class=\"title\">Pokvarljivo blago<\/p>\n                    <a class=\"text-uppercase underline\" href=\"https:\/\/interservice.si\/sl\/storitve\/pokvarljivo-blago\/\">Preberi ve\u010d<\/a>\n\n                <\/div>\n            <\/div>           \n\n        \n            \n                                    \n\n            <div class=\"item-box d-flex align-items-center\">\n                <div class=\"icon position-relative mr-3\">\n                    <img decoding=\"async\" src=\"https:\/\/interservice.si\/wp-content\/uploads\/2022\/09\/Air-Freight.png\" alt=\"\">\n                    <img decoding=\"async\" class=\"inner\" src=\"https:\/\/interservice.si\/wp-content\/uploads\/2022\/09\/Group-675.svg\" alt=\"\">\n                <\/div>\n                <div class=\"content\">\n                    <p class=\"title\">Letalski prevoz<\/p>\n                    <a class=\"text-uppercase underline\" href=\"https:\/\/interservice.si\/sl\/storitve\/letalski-prevoz\/\">Preberi ve\u010d<\/a>\n\n                <\/div>\n            <\/div>           \n\n        \n            \n                                    \n\n            <div class=\"item-box d-flex align-items-center\">\n                <div class=\"icon position-relative mr-3\">\n                    <img decoding=\"async\" src=\"https:\/\/interservice.si\/wp-content\/uploads\/2022\/09\/Sea-Fright.png\" alt=\"\">\n                    <img decoding=\"async\" class=\"inner\" src=\"https:\/\/interservice.si\/wp-content\/uploads\/2022\/09\/Group-680.svg\" alt=\"\">\n                <\/div>\n                <div class=\"content\">\n                    <p class=\"title\">Pomorski prevoz<\/p>\n                    <a class=\"text-uppercase underline\" href=\"https:\/\/interservice.si\/sl\/storitve\/pomorski-prevoz\/\">Preberi ve\u010d<\/a>\n\n                <\/div>\n            <\/div>           \n\n        \n            \n                                    \n\n            <div class=\"item-box d-flex align-items-center\">\n                <div class=\"icon position-relative mr-3\">\n                    <img decoding=\"async\" src=\"https:\/\/interservice.si\/wp-content\/uploads\/2022\/09\/Import-Export.png\" alt=\"\">\n                    <img decoding=\"async\" class=\"inner\" src=\"https:\/\/interservice.si\/wp-content\/uploads\/2022\/09\/Group-677.svg\" alt=\"\">\n                <\/div>\n                <div class=\"content\">\n                    <p class=\"title\">Uvoz & izvoz<\/p>\n                    <a class=\"text-uppercase underline\" href=\"https:\/\/interservice.si\/sl\/storitve\/uvoz-in-izvoz\/\">Preberi ve\u010d<\/a>\n\n                <\/div>\n            <\/div>           \n\n        \n            \n                                    \n\n            <div class=\"item-box d-flex align-items-center\">\n                <div class=\"icon position-relative mr-3\">\n                    <img decoding=\"async\" src=\"https:\/\/interservice.si\/wp-content\/uploads\/2022\/09\/Handling-of-Goods.png\" alt=\"\">\n                    <img decoding=\"async\" class=\"inner\" src=\"https:\/\/interservice.si\/wp-content\/uploads\/2022\/09\/Group-676.svg\" alt=\"\">\n                <\/div>\n                <div class=\"content\">\n                    <p class=\"title\">Ravnanje s tovorom<\/p>\n                    <a class=\"text-uppercase underline\" href=\"https:\/\/interservice.si\/sl\/storitve\/ravnanje-s-tovorom\/\">Preberi ve\u010d<\/a>\n\n                <\/div>\n            <\/div>           \n\n            <\/div>\n<\/div>\n<div class=\"clear\"><\/div><\/div><\/div><\/div><\/div><\/section><section class=\"kc-elm kc-css-528513 kc_row\"><div class=\" container\"><div class=\"row\"><div class=\"kc-elm kc-css-828050 col-lg-12 column col-12\"><div class=\"kc-col-container\"><div class=\"div-wrapper kc-elm kc-css-583744 p-4\">\n<div class=\"kc-elm kc-css-639137 kc-title-wrap \">\n\n\t<h1 class=\"kc_title\">MEETING PLANNER<\/h1>\n<\/div>\n<div class=\"kc-elm kc-css-774291 kc_text_block\"><\/p>\n<p>Lorem ipsum dolor sit amet consectetur adipisicing elit. Eligendi, a suscipit deserunt debitis necessitatibus asperiores blanditiis nisi dolore facere minima earum vero ex et architecto, fugit similique ipsam aliquam ullam.<\/p>\n<p>\n<\/div>\n<div class=\"kc-elm kc-css-68213\">\n\t<a class=\"kc_button underline white text-white\" href=\"#\" onclick=\"\">\n\t\tSTART NOW\t<\/a>\n<\/div>\n<\/div><\/div><\/div><\/div><\/div><\/section><section class=\"kc-elm kc-css-11947 kc_row\"><div class=\" container\"><div class=\"row\"><div class=\"kc-elm kc-css-832455 col-lg-7 column pr-0\"><div class=\"kc-col-container\"><div class=\"div-wrapper kc-elm kc-css-40484 p-4\">\n<div class=\"kc-elm kc-css-220223 kc-title-wrap \">\n\n\t<h1 class=\"kc_title\">NARO\u010cI SVETOVANJE<\/h1>\n<\/div>\n<div class=\"kc-elm kc-css-168590 kc_text_block\"><\/p>\n<p>Na\u0161a izku\u0161ena ekipa vam bo svetovala pri optimizaciji va\u0161ih logisti\u010dnih procesov.<\/p>\n<p>\n<\/div>\n<div class=\"kc-elm kc-css-621933\">\n\t<a class=\"kc_button underline white text-white\" href=\"https:\/\/interservice.si\/sl\/naroci-svetovanje\/\" target=\"_self\" title=\"Naro\u010di svetovanje\" onclick=\"\">\n\t\tPI\u0160ITE NAM\t<\/a>\n<\/div>\n<\/div><\/div><\/div><div class=\"kc-elm kc-css-534710 col-lg-5 column planner-bg\"><div class=\"kc-col-container\"><div class=\"kc-elm kc-css-667041 kc_shortcode kc_single_image\">\n\n        <img decoding=\"async\" src=\"https:\/\/interservice.si\/wp-content\/uploads\/2022\/09\/Mask-Group-3.svg\" class=\"meeting-white\" alt=\"\" \/>    <\/div>\n<\/div><\/div><\/div><\/div><\/section><\/p>\n","protected":false},"excerpt":{"rendered":"<p>Uredimo prevoz razsutega tovora, zbirnega tovora, kontejnerjev, pokvarljivega blaga, projektnega tovora in drugih vrst tovora.<\/p>\n","protected":false},"author":4,"featured_media":32428,"parent":32879,"menu_order":42,"comment_status":"closed","ping_status":"closed","template":"page-templates\/subpage.php","meta":{"_acf_changed":false,"footnotes":""},"class_list":["post-32866","page","type-page","status-publish","has-post-thumbnail","hentry"],"acf":[],"_links":{"self":[{"href":"https:\/\/interservice.si\/sl\/wp-json\/wp\/v2\/pages\/32866","targetHints":{"allow":["GET"]}}],"collection":[{"href":"https:\/\/interservice.si\/sl\/wp-json\/wp\/v2\/pages"}],"about":[{"href":"https:\/\/interservice.si\/sl\/wp-json\/wp\/v2\/types\/page"}],"author":[{"embeddable":true,"href":"https:\/\/interservice.si\/sl\/wp-json\/wp\/v2\/users\/4"}],"replies":[{"embeddable":true,"href":"https:\/\/interservice.si\/sl\/wp-json\/wp\/v2\/comments?post=32866"}],"version-history":[{"count":9,"href":"https:\/\/interservice.si\/sl\/wp-json\/wp\/v2\/pages\/32866\/revisions"}],"predecessor-version":[{"id":33243,"href":"https:\/\/interservice.si\/sl\/wp-json\/wp\/v2\/pages\/32866\/revisions\/33243"}],"up":[{"embeddable":true,"href":"https:\/\/interservice.si\/sl\/wp-json\/wp\/v2\/pages\/32879"}],"wp:featuredmedia":[{"embeddable":true,"href":"https:\/\/interservice.si\/sl\/wp-json\/wp\/v2\/media\/32428"}],"wp:attachment":[{"href":"https:\/\/interservice.si\/sl\/wp-json\/wp\/v2\/media?parent=32866"}],"curies":[{"name":"wp","href":"https:\/\/api.w.org\/{rel}","templated":true}]}}