{"id":32868,"date":"2022-08-31T08:10:21","date_gmt":"2022-08-31T08:10:21","guid":{"rendered":"http:\/\/interservice.razvija.se\/meeting-planner\/"},"modified":"2022-09-05T11:08:43","modified_gmt":"2022-09-05T11:08:43","slug":"naroci-svetovanje","status":"publish","type":"page","link":"https:\/\/interservice.si\/sl\/naroci-svetovanje\/","title":{"rendered":"Naro\u010di svetovanje"},"content":{"rendered":"<p><section class=\"kc-elm kc-css-86907 kc_row\"><div class=\" container\"><div class=\"row\"><div class=\"kc-elm kc-css-124904 column col-lg-6\"><div class=\"kc-col-container\"><div class=\"kc-elm kc-css-819531 kc_text_block\"><\/p>\n<p>\u017delite svetovanje na podro\u010dju optimizacije va\u0161ih logisti\u010dnih procesov? Na\u0161im kupcem omogo\u010damo naro\u010dilo in nakup svetovanja na daljavo.<\/p>\n<p>\n<\/div><\/div><\/div><\/div><\/div><\/section><section class=\"kc-elm kc-css-258584 kc_row\"><div class=\" container\"><div class=\"row\"><div class=\"kc-elm kc-css-256772 col-lg-5 column custom-login\"><div class=\"kc-col-container\"><div class=\"kc-elm kc-css-621533 kc-raw-code\"><form name=\"loginform\" id=\"loginform\" action=\"https:\/\/interservice.si\/wp-login.php\" method=\"post\"><p class=\"login-username\">\n\t\t\t\t<label for=\"user_login\">Uporabni\u0161ko ime ali e-po\u0161tni naslov<\/label>\n\t\t\t\t<input type=\"text\" name=\"log\" id=\"user_login\" autocomplete=\"username\" class=\"input\" value=\"\" size=\"20\" \/>\n\t\t\t<\/p><p class=\"login-password\">\n\t\t\t\t<label for=\"user_pass\">Geslo<\/label>\n\t\t\t\t<input type=\"password\" name=\"pwd\" id=\"user_pass\" autocomplete=\"current-password\" spellcheck=\"false\" class=\"input\" value=\"\" size=\"20\" \/>\n\t\t\t<\/p><p class=\"login-remember\"><label><input name=\"rememberme\" type=\"checkbox\" id=\"rememberme\" value=\"forever\" checked=\"checked\" \/> Zapomni si me<\/label><\/p><p class=\"login-submit\">\n\t\t\t\t<input type=\"submit\" name=\"wp-submit\" id=\"wp-submit\" class=\"button button-primary\" value=\"Prijava\" \/>\n\t\t\t\t<input type=\"hidden\" name=\"redirect_to\" value=\"https:\/\/interservice.si\/meeting-planner-zaprt-site\/\" \/>\n\t\t\t<\/p><\/form><\/div><\/div><\/div><div class=\"kc-elm kc-css-65320 col-lg-7 column planner-xs\"><div class=\"kc-col-container\"><div class=\"kc-elm kc-css-454197 row\"><div class=\"kc-elm kc-css-260457 col-12 col-lg-7 column_inner p-3\"><div class=\"kc_wrapper kc-col-inner-container\"><div class=\"kc-elm kc-css-161853 kc_text_block\"><\/p>\n<p>\u0160e nimate ra\u010duna?<\/p>\n<\/p>\n<p>\n<\/div><div class=\"kc-elm kc-css-992519 kc_text_block\"><\/p>\n<p>Naro\u010dila in nakup svetovanja lahko izvajajo samo pogodbeni partnerji. \u010ce \u017eelite postati na\u0161 partner, izpolnite obrazec.<\/p>\n<p>\n<\/div>\n<div class=\"kc-elm kc-css-750624\">\n\t<a class=\"kc_button\" href=\"https:\/\/interservice.si\/sl\/naroci-svetovanje\/ustvari-racun\/\" target=\"_self\" title=\"Ustvari ra\u010dun\" onclick=\"\">\n\t\tUstvari ra\u010dun\t<\/a>\n<\/div>\n<\/div><\/div><div class=\"kc-elm kc-css-944160 col-12 col-lg-5 column_inner p-0\"><div class=\"kc_wrapper kc-col-inner-container\"><div class=\"kc-elm kc-css-648352 kc_shortcode kc_single_image offset-planner\">\n\n        <img decoding=\"async\" src=\"https:\/\/interservice.si\/wp-content\/uploads\/2022\/08\/Mask-Group-3.svg\" class=\"\" alt=\"\" \/>    <\/div>\n<\/div><\/div><\/div><\/div><\/div><\/div><\/div><\/section><\/p>\n","protected":false},"excerpt":{"rendered":"<p>Enostavno, hitro in stro\u0161kovno u\u010dinkovito naro\u010dilo in nakup svetovanja.<\/p>\n","protected":false},"author":9,"featured_media":0,"parent":0,"menu_order":6,"comment_status":"closed","ping_status":"closed","template":"page-templates\/fullwidthpage.php","meta":{"_acf_changed":false,"footnotes":""},"class_list":["post-32868","page","type-page","status-publish","hentry"],"acf":[],"_links":{"self":[{"href":"https:\/\/interservice.si\/sl\/wp-json\/wp\/v2\/pages\/32868","targetHints":{"allow":["GET"]}}],"collection":[{"href":"https:\/\/interservice.si\/sl\/wp-json\/wp\/v2\/pages"}],"about":[{"href":"https:\/\/interservice.si\/sl\/wp-json\/wp\/v2\/types\/page"}],"author":[{"embeddable":true,"href":"https:\/\/interservice.si\/sl\/wp-json\/wp\/v2\/users\/9"}],"replies":[{"embeddable":true,"href":"https:\/\/interservice.si\/sl\/wp-json\/wp\/v2\/comments?post=32868"}],"version-history":[{"count":9,"href":"https:\/\/interservice.si\/sl\/wp-json\/wp\/v2\/pages\/32868\/revisions"}],"predecessor-version":[{"id":33147,"href":"https:\/\/interservice.si\/sl\/wp-json\/wp\/v2\/pages\/32868\/revisions\/33147"}],"wp:attachment":[{"href":"https:\/\/interservice.si\/sl\/wp-json\/wp\/v2\/media?parent=32868"}],"curies":[{"name":"wp","href":"https:\/\/api.w.org\/{rel}","templated":true}]}}