{"id":32878,"date":"2022-08-24T09:57:25","date_gmt":"2022-08-24T09:57:25","guid":{"rendered":"http:\/\/interservice.razvija.se\/contacts\/"},"modified":"2024-05-13T07:07:50","modified_gmt":"2024-05-13T07:07:50","slug":"kontakti","status":"publish","type":"page","link":"https:\/\/interservice.si\/sl\/kontakti\/","title":{"rendered":"Kontakti"},"content":{"rendered":"<p><section class=\"kc-elm kc-css-707704 kc_row\"><div class=\" container\"><div class=\"row\"><div class=\"kc-elm kc-css-540005 column col-lg-6\"><div class=\"kc-col-container\"><div class=\"kc-elm kc-css-233004 kc_text_block\"><\/p>\n<p>\nNa\u0161im naro\u010dnikom \u017eelimo ponuditi le najbolje, ker se zavedamo, da je uspe\u0161no partnersko sodelovanje klju\u010d do uspeha tako zanj kot za nas.<\/p>\n<p>\n<\/div><\/div><\/div><\/div><\/div><\/section><section class=\"kc-elm kc-css-370309 kc_row pad-l-20\"><div class=\" container-fluid\"><div class=\"row\"><div class=\"kc-elm kc-css-657503 col-lg-6 column p-4\"><div class=\"kc-col-container\"><div class=\"kc-elm kc-css-863342 kc_text_block\"><\/p>\n<p>\nInterservice d.o.o.<\/p>\n<p>\n<\/div><div class=\"kc-elm kc-css-639473 kc_text_block\"><\/p>\n<p>\nVojkovo nabre\u017eje 38<br \/>6000 Koper<br \/>Slovenia<\/p>\n<p>\n<\/div><div class=\"kc-elm kc-css-141852 row\"><div class=\"kc-elm kc-css-670786 col-12 col-lg-6 column_inner\"><div class=\"kc_wrapper kc-col-inner-container\"><div class=\"kc-elm kc-css-155827 kc_text_block no-margin\"><\/p>\n<p>\nTELEPHONE<\/p>\n<p>\n<\/div><div class=\"kc-elm kc-css-106055 kc_text_block\"><\/p>\n<p>\n++386 (0)5 2927 000<\/p>\n<p>\n<\/div><\/div><\/div><div class=\"kc-elm kc-css-633474 col-12 col-lg-6 column_inner\"><div class=\"kc_wrapper kc-col-inner-container\"><div class=\"kc-elm kc-css-805520 kc_text_block no-margin\"><\/p>\n<p>\nTELEPHONE<\/p>\n<p>\n<\/div><div class=\"kc-elm kc-css-245852 kc_text_block\"><\/p>\n<p>\n++386 (0)5 2927 000<\/p>\n<p>\n<\/div><\/div><\/div><\/div><div class=\"kc-elm kc-css-688408 row\"><div class=\"kc-elm kc-css-382026 col-12 col-lg-6 column_inner\"><div class=\"kc_wrapper kc-col-inner-container\"><div class=\"kc-elm kc-css-136847 kc_text_block no-margin\"><\/p>\n<p>\nTELEPHONE<\/p>\n<p>\n<\/div><div class=\"kc-elm kc-css-715242 kc_text_block\"><\/p>\n<p>\n++386 (0)5 2927 000<\/p>\n<p>\n<\/div><\/div><\/div><div class=\"kc-elm kc-css-86311 col-12 col-lg-6 column_inner\"><div class=\"kc_wrapper kc-col-inner-container\"><div class=\"kc-elm kc-css-381092 kc_text_block no-margin\"><\/p>\n<p>\nTELEPHONE<\/p>\n<p>\n<\/div><div class=\"kc-elm kc-css-638160 kc_text_block\"><\/p>\n<p>\n++386 (0)5 2927 000<\/p>\n<p>\n<\/div><\/div><\/div><\/div><\/div><\/div><div class=\"kc-elm kc-css-994580 col-lg-6 column col-12\"><div class=\"kc-col-container\"><\/div><\/div><\/div><\/div><\/section><section class=\"kc-elm kc-css-688540 kc_row pad-l-20\"><div class=\" container-fluid\"><div class=\"row\"><div class=\"kc-elm kc-css-470324 col-lg-6 column p-4 white-links\"><div class=\"kc-col-container\"><div class=\"kc-elm kc-css-65496 kc_text_block\"><\/p>\n<p>\nInterservice d.o.o. Koper<\/p>\n<p>\n<\/div><div class=\"kc-elm kc-css-819760 kc_text_block\"><\/p>\n<p>Ankaranska 7b<br \/>6000 Koper<br \/>Slovenia<\/p>\n<p>\n<\/div><div class=\"kc-elm kc-css-79041 row\"><div class=\"kc-elm kc-css-553719 col-12 col-lg-6 column_inner\"><div class=\"kc_wrapper kc-col-inner-container\"><div class=\"kc-elm kc-css-510111 kc_text_block no-margin\"><\/p>\n<p>\nTELEFON<\/p>\n<p>\n<\/div><div class=\"kc-elm kc-css-948111 kc_text_block\"><\/p>\n<p><a href=\"tel:+386 (0)5 6633 033\">+386 (0)5 6633 033<\/a><\/p>\n<p>\n<\/div><\/div><\/div><div class=\"kc-elm kc-css-131062 col-12 col-lg-6 column_inner\"><div class=\"kc_wrapper kc-col-inner-container\"><div class=\"kc-elm kc-css-16797 kc_text_block no-margin\"><\/p>\n<p>\nE-MAIL NASLOV<\/p>\n<p>\n<\/div><div class=\"kc-elm kc-css-540581 kc_text_block\"><\/p>\n<p><a href=\"mailto:reefer@interservice.si\">info@interservice.si<\/a><\/p>\n<p>\n<\/div><\/div><\/div><\/div><div class=\"kc-elm kc-css-525555 row\"><div class=\"kc-elm kc-css-516756 col-12 col-lg-6 column_inner\"><div class=\"kc_wrapper kc-col-inner-container\"><div class=\"kc-elm kc-css-213162 kc_text_block no-margin\"><\/p>\n<p>\nID DDV<\/p>\n<p>\n<\/div><div class=\"kc-elm kc-css-307787 kc_text_block\"><\/p>\n<p>\n55658474<\/p>\n<p>\n<\/div><\/div><\/div><div class=\"kc-elm kc-css-532580 col-12 col-lg-6 column_inner\"><div class=\"kc_wrapper kc-col-inner-container\"><div class=\"kc-elm kc-css-756496 kc_text_block no-margin\"><\/p>\n<p>\nMATI\u010cNA \u0160TEVILKA<\/p>\n<p>\n<\/div><div class=\"kc-elm kc-css-892417 kc_text_block\"><\/p>\n<p>\n5660289000<\/p>\n<p>\n<\/div><\/div><\/div><\/div><\/div><\/div><div class=\"kc-elm kc-css-246921 col-lg-6 column p-0\"><div class=\"kc-col-container\"><div class=\"kc-elm kc-css-612467 kc_shortcode kc_single_image d-block d-md-none\">\n\n        <img decoding=\"async\" src=\"https:\/\/interservice.si\/wp-content\/uploads\/2022\/08\/map.png\" class=\"\" alt=\"\" \/>    <\/div>\n<\/div><\/div><\/div><\/div><\/section><section class=\"kc-elm kc-css-855740 kc_row\"><div class=\" container  black-links\"><div class=\"row\"><div class=\"kc-elm kc-css-184545 col-lg-3 column col-12\"><div class=\"kc-col-container\"><div class=\"div-wrapper kc-elm kc-css-173769 p-3 mb-3 mb-md-0\"><div class=\"kc-elm kc-css-832245 kc_text_block\"><\/p>\n<p>\n<strong>Pokvarljivo blago<\/strong><\/p>\n<p>Ankaranska cesta 7b<br \/>6000 Koper<br \/>Slovenia<\/p>\n<p>\n<\/div><div class=\"kc-elm kc-css-669089 kc_text_block no-margin\"><\/p>\n<p>\nTELEFON<\/p>\n<p>\n<\/div><div class=\"kc-elm kc-css-916144 kc_text_block\"><\/p>\n<p>\n<a href=\"tel:+386 (0)5 2927 000\">+386 (0)5 2927 000<\/a><\/p>\n<p>\n<\/div><div class=\"kc-elm kc-css-563135 kc_text_block no-margin\"><\/p>\n<p>\nE-MAIL NASLOV<\/p>\n<p>\n<\/div><div class=\"kc-elm kc-css-75029 kc_text_block no-margin\"><\/p>\n<p>\n<a href=\"mailto:reefer@interservice.si\">reefer@interservice.si<\/a><\/p>\n<p>\n<\/div><\/div><\/div><\/div><div class=\"kc-elm kc-css-562123 col-lg-3 column col-12\"><div class=\"kc-col-container\"><div class=\"div-wrapper kc-elm kc-css-79942 p-3 mb-3 mb-md-0\"><div class=\"kc-elm kc-css-56635 kc_text_block\"><\/p>\n<p>\n<strong>Generalni tovori<\/strong><\/p>\n<p>Ankaranska cesta 7b<br \/>6000 Koper<br \/>Slovenia<\/p>\n<p>\n<\/div><div class=\"kc-elm kc-css-794755 kc_text_block no-margin\"><\/p>\n<p>\nTELEFON<\/p>\n<p>\n<\/div><div class=\"kc-elm kc-css-647437 kc_text_block\"><\/p>\n<p>\n<a href=\"tel:+386 (0)5 2927 000\">+386 (0)5 6633 033<\/a><\/p>\n<p>\n<\/div><div class=\"kc-elm kc-css-277405 kc_text_block no-margin\"><\/p>\n<p>\nE-MAIL NASLOV<\/p>\n<p>\n<\/div><div class=\"kc-elm kc-css-397823 kc_text_block no-margin\"><\/p>\n<p>\n<a href=\"mailto:info@interservice.si\">info@interservice.si<\/a><\/p>\n<p>\n<\/div><\/div><\/div><\/div><div class=\"kc-elm kc-css-40636 col-lg-3 column col-12\"><div class=\"kc-col-container\"><div class=\"div-wrapper kc-elm kc-css-351770 p-3 mb-3 mb-md-0\"><div class=\"kc-elm kc-css-398997 kc_text_block\"><\/p>\n<p>\n<strong>Letalski prevoz<\/strong><\/p>\n<p>PE Brnik<br \/>Zg. Brnik, 130\/d, LJU AIRPORT<br \/>4210 Brnik, Slovenia<\/p>\n<p>\n<\/div><div class=\"kc-elm kc-css-231247 kc_text_block no-margin\"><\/p>\n<p>\nTELEFON<\/p>\n<p>\n<\/div><div class=\"kc-elm kc-css-380689 kc_text_block\"><\/p>\n<p>\n<a href=\"tel:+386 (0)4 2017 711\">+386 (0)4 2017 711<\/a><\/p>\n<p>\n<\/div><div class=\"kc-elm kc-css-971993 kc_text_block no-margin\"><\/p>\n<p>\nE-MAIL NASLOV<\/p>\n<p>\n<\/div><div class=\"kc-elm kc-css-118063 kc_text_block no-margin\"><\/p>\n<p>\n<a href=\"mailto:brnik@interservice.si\">brnik@interservice.si<\/a><\/p>\n<p>\n<\/div><\/div><\/div><\/div><div class=\"kc-elm kc-css-233815 col-lg-3 column col-12\"><div class=\"kc-col-container\"><div class=\"div-wrapper kc-elm kc-css-175765 p-3 mb-3 mb-md-0\"><div class=\"kc-elm kc-css-20327 kc_text_block\"><\/p>\n<p>\n<strong>Carinsko posredovanje<\/strong><\/p>\n<p>Ankaranska cesta 7b<br \/>6000 Koper<br \/>Slovenia<\/p>\n<p>\n<\/div><div class=\"kc-elm kc-css-396880 kc_text_block no-margin\"><\/p>\n<p>\nTELEFON<\/p>\n<p>\n<\/div><div class=\"kc-elm kc-css-455975 kc_text_block\"><\/p>\n<p>\n<a href=\"tel:+386 (0)5 2927 000\">+386 (0)5 6633 035<\/a><\/p>\n<p>\n<\/div><div class=\"kc-elm kc-css-954073 kc_text_block no-margin\"><\/p>\n<p>\nE-MAIL NASLOV<\/p>\n<p>\n<\/div><div class=\"kc-elm kc-css-730331 kc_text_block no-margin\"><\/p>\n<p>\n<a href=\"mailto:info@interservice.si\">info@interservice.si<\/a><\/p>\n<p>\n<\/div><\/div><\/div><\/div><\/div><\/div><\/section><section class=\"kc-elm kc-css-248209 kc_row\"><div class=\" container\"><div class=\"row\"><div class=\"kc-elm kc-css-463093 col-lg-12 column col-12\"><div class=\"kc-col-container\"><div class=\"div-wrapper kc-elm kc-css-544176 col-lg-8\">\n<div class=\"kc-elm kc-css-124009 kc-title-wrap \">\n\n\t<h1 class=\"kc_title\">Vodstvo podjetja<\/h1>\n<\/div>\n<div class=\"kc-elm kc-css-318473 kc_text_block\"><\/p>\n<p>\n<\/div><div class=\"clear\"><\/div>\n<div class=\"mod-id-96351 kc-elm kc-css-96351 kc-raw-code emigma-team-members\">\n    <div class=\"layout-grid-3 \">\n        \n            \n            <div class=\"item d-flex flex-column\">\n                                <div class=\"item-content\">\n                    <span class=\"d-block team-name\">\n                                                    Fabio Hrvatin                                            <\/span>\n                    <span class=\"d-block mb-3\">\n                                                    Direktor                                            <\/span>\n\n\n                    <span class=\"d-block mb-3\">\n                                                    <span class=\"blue-label\">telefon<\/span>\n                            <a class=\"text-dark\" href=\"tel:+386 (0)5 6633 031\">+386 (0)5 6633 031<\/a> \n                            \n                                            <\/span>\n                    <span class=\"d-block\">\n                                                    <span class=\"blue-label\">e-mail naslov<\/span>\n                            <a class=\"text-dark\" href=\"mailto:fabio@interservice.si\">fabio@interservice.si<\/a>\n                            \n                                            <\/span>\n                <\/div>\n            <\/div>\n        \n            \n            <div class=\"item d-flex flex-column\">\n                                <div class=\"item-content\">\n                    <span class=\"d-block team-name\">\n                                                    Igor Kuzelj                                            <\/span>\n                    <span class=\"d-block mb-3\">\n                                            <\/span>\n\n\n                    <span class=\"d-block mb-3\">\n                                                    <span class=\"blue-label\">telefon<\/span>\n                            <a class=\"text-dark\" href=\"tel:+386 (0)5 2927 000\">+386 (0)5 2927 000<\/a> \n                            \n                                            <\/span>\n                    <span class=\"d-block\">\n                                                    <span class=\"blue-label\">e-mail naslov<\/span>\n                            <a class=\"text-dark\" href=\"mailto:igor@interservice.si\">igor@interservice.si<\/a>\n                            \n                                            <\/span>\n                <\/div>\n            <\/div>\n        \n            \n            <div class=\"item d-flex flex-column\">\n                                <div class=\"item-content\">\n                    <span class=\"d-block team-name\">\n                                                    Leonida Praprotnik                                            <\/span>\n                    <span class=\"d-block mb-3\">\n                                            <\/span>\n\n\n                    <span class=\"d-block mb-3\">\n                                                    <span class=\"blue-label\">telefon<\/span>\n                            <a class=\"text-dark\" href=\"tel:+386 (0)4 2017 711\">+386 (0)4 2017 711<\/a> \n                            \n                                            <\/span>\n                    <span class=\"d-block\">\n                                                    <span class=\"blue-label\">e-mail naslov<\/span>\n                            <a class=\"text-dark\" href=\"mailto:leonida@interservice.si\">leonida@interservice.si<\/a>\n                            \n                                            <\/span>\n                <\/div>\n            <\/div>\n            <\/div>\n<\/div>\n\n\n\n<div class=\"clear\"><\/div>\n<\/div><\/div><\/div><\/div><\/div><\/section><section class=\"kc-elm kc-css-461906 kc_row bg-inquiry\"><div class=\" container-fluid\"><div class=\"row\"><div class=\"kc-elm kc-css-506937 column col-lg-8\"><div class=\"kc-col-container\">\n<div class=\"kc-elm kc-css-519865 kc-title-wrap \">\n\n\t<h1 class=\"kc_title\">PO\u0160LJI POVPRA\u0160EVANJE<\/h1>\n<\/div>\n<div class=\"kc-elm kc-css-163225 kc_text_block\"><\/p>\n<p>\nImate za nas kako vpra\u0161anje? Z veseljem vam bomo odgovorili.<\/p>\n<p>\n<\/div>\n<div class=\"kc-elm kc-css-433888\">\n\t<a class=\"kc_button btn btn-light text-primary\" href=\"https:\/\/interservice.si\/sl\/kontakti\/povprasevanje\/\" target=\"_self\" title=\"POVPRA\u0160EVANJE\" onclick=\"\">\n\t\tKONTAKTIRAJTE NAS\t<\/a>\n<\/div>\n<\/div><\/div><\/div><\/div><\/section><section class=\"kc-elm kc-css-527201 kc_row\"><div class=\" container\"><div class=\"row\"><div class=\"kc-elm kc-css-864897 col-lg-7 column pr-0\"><div class=\"kc-col-container\"><div class=\"div-wrapper kc-elm kc-css-297194 p-4\">\n<div class=\"kc-elm kc-css-939005 kc-title-wrap \">\n\n\t<h1 class=\"kc_title\">NARO\u010cI SVETOVANJE<\/h1>\n<\/div>\n<div class=\"kc-elm kc-css-766514 kc_text_block\"><\/p>\n<p>\nNa\u0161a izku\u0161ena ekipa vam bo svetovala pri optimizaciji va\u0161ih logisti\u010dnih procesov.<\/p>\n<p>\n<\/div>\n<div class=\"kc-elm kc-css-22686\">\n\t<a class=\"kc_button underline white text-white\" href=\"https:\/\/interservice.si\/sl\/naroci-svetovanje\/\" target=\"_self\" title=\"Naro\u010di svetovanje\" onclick=\"\">\n\t\tPI\u0160ITE NAM\t<\/a>\n<\/div>\n<\/div><\/div><\/div><div class=\"kc-elm kc-css-646702 col-lg-5 column planner-bg\"><div class=\"kc-col-container\"><div class=\"kc-elm kc-css-547757 kc_shortcode kc_single_image\">\n\n        <img decoding=\"async\" src=\"https:\/\/interservice.si\/wp-content\/uploads\/2022\/09\/Mask-Group-3.svg\" class=\"meeting-white\" alt=\"\" \/>    <\/div>\n<\/div><\/div><\/div><\/div><\/section><\/p>\n","protected":false},"excerpt":{"rendered":"<p>\u017delite sodelovati z nami? Kontaktirajte nas, z veseljem bomo prisluhnili va\u0161im \u017eeljam.<\/p>\n","protected":false},"author":9,"featured_media":32511,"parent":0,"menu_order":24,"comment_status":"closed","ping_status":"closed","template":"page-templates\/subpage.php","meta":{"_acf_changed":false,"footnotes":""},"class_list":["post-32878","page","type-page","status-publish","has-post-thumbnail","hentry"],"acf":[],"_links":{"self":[{"href":"https:\/\/interservice.si\/sl\/wp-json\/wp\/v2\/pages\/32878","targetHints":{"allow":["GET"]}}],"collection":[{"href":"https:\/\/interservice.si\/sl\/wp-json\/wp\/v2\/pages"}],"about":[{"href":"https:\/\/interservice.si\/sl\/wp-json\/wp\/v2\/types\/page"}],"author":[{"embeddable":true,"href":"https:\/\/interservice.si\/sl\/wp-json\/wp\/v2\/users\/9"}],"replies":[{"embeddable":true,"href":"https:\/\/interservice.si\/sl\/wp-json\/wp\/v2\/comments?post=32878"}],"version-history":[{"count":19,"href":"https:\/\/interservice.si\/sl\/wp-json\/wp\/v2\/pages\/32878\/revisions"}],"predecessor-version":[{"id":33325,"href":"https:\/\/interservice.si\/sl\/wp-json\/wp\/v2\/pages\/32878\/revisions\/33325"}],"wp:featuredmedia":[{"embeddable":true,"href":"https:\/\/interservice.si\/sl\/wp-json\/wp\/v2\/media\/32511"}],"wp:attachment":[{"href":"https:\/\/interservice.si\/sl\/wp-json\/wp\/v2\/media?parent=32878"}],"curies":[{"name":"wp","href":"https:\/\/api.w.org\/{rel}","templated":true}]}}