{"id":32893,"date":"2022-08-24T09:38:56","date_gmt":"2022-08-24T09:38:56","guid":{"rendered":"http:\/\/interservice.razvija.se\/about-us\/"},"modified":"2026-03-18T09:39:51","modified_gmt":"2026-03-18T09:39:51","slug":"o-nas","status":"publish","type":"page","link":"https:\/\/interservice.si\/sl\/o-nas\/","title":{"rendered":"O nas"},"content":{"rendered":"<p><section class=\"kc-elm kc-css-256965 kc_row\"><div class=\" container\"><div class=\"row\"><div class=\"kc-elm kc-css-97012 col-lg-6 column col-12\"><div class=\"kc-col-container\"><div class=\"kc-elm kc-css-118382 kc_text_block\"><\/p>\n<p>Izvajamo predvsem storitve v pomorskem in letalskem prometu, s podporo zvestih in dolgoletnih partnerjev pa smo prisotni tudi v cestnem in \u017eelezni\u0161kem prometu.<\/p>\n<p>Cilj na\u0161ega podjetja je zagotoviti konkuren\u010dne cene in kakovostne storitve. Z vsako po\u0161iljko ravnamo skrbno in strokovno. Na\u0161e prednosti so zanesljivost, zvestoba, to\u010dnost in prilagodljivost.\u00a0<\/p>\n<p>Vsak naro\u010dnik je na\u0161a prioriteta!<\/p>\n<p>\n<\/div><\/div><\/div><div class=\"kc-elm kc-css-411634 col-lg-6 column col-12\"><div class=\"kc-col-container\"><\/div><\/div><\/div><\/div><\/section><section class=\"kc-elm kc-css-822397 kc_row pad-l-20\"><div class=\" container-fluid\"><div class=\"row\"><div class=\"kc-elm kc-css-975325 col-lg-6 column p-4 white-links\"><div class=\"kc-col-container\"><div class=\"kc-elm kc-css-724906 kc_text_block\"><\/p>\n<p>Interservice d.o.o. Koper<\/p>\n<p>\n<\/div><div class=\"kc-elm kc-css-294226 kc_text_block\"><\/p>\n<p>\nVojkovo nabre\u017eje 38<br \/>6000 Koper<br \/>Slovenia<\/p>\n<p>\n<\/div><div class=\"kc-elm kc-css-636617 row\"><div class=\"kc-elm kc-css-520004 col-12 col-lg-6 column_inner\"><div class=\"kc_wrapper kc-col-inner-container\"><div class=\"kc-elm kc-css-1229 kc_text_block no-margin\"><\/p>\n<p>TELEFON<\/p>\n<p>\n<\/div><div class=\"kc-elm kc-css-584331 kc_text_block\"><\/p>\n<p><a href=\"tel:+386 (0)5 6633 033\">+386 (0)5 6633 033<\/a><\/p>\n<p>\n<\/div><\/div><\/div><div class=\"kc-elm kc-css-748861 col-12 col-lg-6 column_inner\"><div class=\"kc_wrapper kc-col-inner-container\"><div class=\"kc-elm kc-css-291173 kc_text_block no-margin\"><\/p>\n<p>E-MAIL NASLOV<\/p>\n<p>\n<\/div><div class=\"kc-elm kc-css-649216 kc_text_block\"><\/p>\n<p><a href=\"mailto:reefer@interservice.si\">info@interservice.si<\/a><\/p>\n<p>\n<\/div><\/div><\/div><\/div><div class=\"kc-elm kc-css-575416 row\"><div class=\"kc-elm kc-css-917580 col-12 col-lg-6 column_inner\"><div class=\"kc_wrapper kc-col-inner-container\"><div class=\"kc-elm kc-css-186973 kc_text_block no-margin\"><\/p>\n<p>ID DDV<\/p>\n<p>\n<\/div><div class=\"kc-elm kc-css-350539 kc_text_block\"><\/p>\n<p>\n55658474<\/p>\n<p>\n<\/div><\/div><\/div><div class=\"kc-elm kc-css-764975 col-12 col-lg-6 column_inner\"><div class=\"kc_wrapper kc-col-inner-container\"><div class=\"kc-elm kc-css-343570 kc_text_block no-margin\"><\/p>\n<p>MATI\u010cNA \u0160TEVILKA<\/p>\n<p>\n<\/div><div class=\"kc-elm kc-css-278926 kc_text_block\"><\/p>\n<p>\n5660289000<\/p>\n<p>\n<\/div><\/div><\/div><\/div><\/div><\/div><div class=\"kc-elm kc-css-8584 col-lg-6 column p-0\"><div class=\"kc-col-container\"><div class=\"kc-elm kc-css-51475 kc_shortcode kc_single_image d-block d-md-none\">\n\n        <img decoding=\"async\" src=\"https:\/\/interservice.si\/wp-content\/uploads\/2022\/08\/map.png\" class=\"\" alt=\"\" \/>    <\/div>\n<\/div><\/div><\/div><\/div><\/section><section class=\"kc-elm kc-css-432339 kc_row\"><div class=\" container\"><div class=\"row\"><div class=\"kc-elm kc-css-201490 column col-lg-6\"><div class=\"kc-col-container\">\n<div class=\"kc-elm kc-css-462646 kc-title-wrap \">\n\n\t<h1 class=\"kc_title\">Our vision<\/h1>\n<\/div>\n<div class=\"kc-elm kc-css-581829 kc_text_block\"><\/p>\n<p>\nThe goal of our company is to assure competitive prices and quality service. We take care of every shipment with the most care and with the highest professionalism possible. Our advantages are reliability, loyalty, punctuality and flexibility.<\/p>\n<p>Every client is our biggest priority!<\/p>\n<p>\n<\/div><\/div><\/div><\/div><\/div><\/section><section class=\"kc-elm kc-css-958463 kc_row\"><div class=\" container  black-links\"><div class=\"row\"><div class=\"kc-elm kc-css-479633 col-lg-3 column col-12\"><div class=\"kc-col-container\"><div class=\"div-wrapper kc-elm kc-css-919725 p-3 mb-3 mb-md-0\"><div class=\"kc-elm kc-css-277586 kc_text_block\"><\/p>\n<p><strong>Pokvarljivo blago<\/strong><\/p>\n<p>Ankaranska cesta 7b<br \/>6000 Koper<br \/>Slovenia<\/p>\n<p>\n<\/div><div class=\"kc-elm kc-css-887905 kc_text_block no-margin\"><\/p>\n<p>TELEFON<\/p>\n<p>\n<\/div><div class=\"kc-elm kc-css-221338 kc_text_block\"><\/p>\n<p>\n<a href=\"tel:+386 (0)5 2927 000\">+386 (0)5 2927 000<\/a><\/p>\n<p>\n<\/div><div class=\"kc-elm kc-css-995367 kc_text_block no-margin\"><\/p>\n<p>E-MAIL NASLOV<\/p>\n<p>\n<\/div><div class=\"kc-elm kc-css-828525 kc_text_block no-margin\"><\/p>\n<p><a href=\"mailto:info@interservice.si\">info@interservice.si<\/a><\/p>\n<p>\n<\/div><\/div><\/div><\/div><div class=\"kc-elm kc-css-483246 col-lg-3 column col-12\"><div class=\"kc-col-container\"><div class=\"div-wrapper kc-elm kc-css-494952 p-3 mb-3 mb-md-0\"><div class=\"kc-elm kc-css-373434 kc_text_block\"><\/p>\n<p><strong>Generalni tovori<\/strong><\/p>\n<p>Ankaranska cesta 7b<br \/>6000 Koper<br \/>Slovenia<\/p>\n<p>\n<\/div><div class=\"kc-elm kc-css-936389 kc_text_block no-margin\"><\/p>\n<p>TELEFON<\/p>\n<p>\n<\/div><div class=\"kc-elm kc-css-585539 kc_text_block\"><\/p>\n<p><a href=\"tel:+386 (0)5 2927 000\">+386 (0)5 6633 033<\/a><\/p>\n<p>\n<\/div><div class=\"kc-elm kc-css-748477 kc_text_block no-margin\"><\/p>\n<p>E-MAIL NASLOV<\/p>\n<p>\n<\/div><div class=\"kc-elm kc-css-456896 kc_text_block no-margin\"><\/p>\n<p>\n<a href=\"mailto:info@interservice.si\">info@interservice.si<\/a><\/p>\n<p>\n<\/div><\/div><\/div><\/div><div class=\"kc-elm kc-css-386647 col-lg-3 column col-12\"><div class=\"kc-col-container\"><div class=\"div-wrapper kc-elm kc-css-21837 p-3 mb-3 mb-md-0\"><div class=\"kc-elm kc-css-376139 kc_text_block\"><\/p>\n<p><strong>Letalski prevoz<\/strong><\/p>\n<p>PE Brnik<br \/>Zg. Brnik, 130\/d, LJU AIRPORT<br \/>4210 Brnik, Slovenia<\/p>\n<p>\n<\/div><div class=\"kc-elm kc-css-633268 kc_text_block no-margin\"><\/p>\n<p>TELEFON<\/p>\n<p>\n<\/div><div class=\"kc-elm kc-css-532052 kc_text_block\"><\/p>\n<p>\n<a href=\"tel:+386 (0)4 2017 711\">+386 (0)4 2017 711<\/a><\/p>\n<p>\n<\/div><div class=\"kc-elm kc-css-355587 kc_text_block no-margin\"><\/p>\n<p>E-MAIL NASLOV<\/p>\n<p>\n<\/div><div class=\"kc-elm kc-css-734789 kc_text_block no-margin\"><\/p>\n<p>\n<a href=\"mailto:brnik@interservice.si\">brnik@interservice.si<\/a><\/p>\n<p>\n<\/div><\/div><\/div><\/div><div class=\"kc-elm kc-css-858518 col-lg-3 column col-12\"><div class=\"kc-col-container\"><div class=\"div-wrapper kc-elm kc-css-988896 p-3 mb-3 mb-md-0\"><div class=\"kc-elm kc-css-621598 kc_text_block\"><\/p>\n<p><strong>Carinsko posredovanje<\/strong><\/p>\n<p>Ankaranska cesta 7b<br \/>6000 Koper<br \/>Slovenia<\/p>\n<p>\n<\/div><div class=\"kc-elm kc-css-170110 kc_text_block no-margin\"><\/p>\n<p>TELEFON<\/p>\n<p>\n<\/div><div class=\"kc-elm kc-css-320119 kc_text_block\"><\/p>\n<p><a href=\"tel:+386 (0)5 2927 000\">+386 (0)5 6633 035<\/a><\/p>\n<p>\n<\/div><div class=\"kc-elm kc-css-476022 kc_text_block no-margin\"><\/p>\n<p>E-MAIL NASLOV<\/p>\n<p>\n<\/div><div class=\"kc-elm kc-css-876338 kc_text_block no-margin\"><\/p>\n<p>\n<a href=\"mailto:info@interservice.si\">info@interservice.si<\/a><\/p>\n<p>\n<\/div><\/div><\/div><\/div><\/div><\/div><\/section><section class=\"kc-elm kc-css-646296 kc_row\"><div class=\" container\"><div class=\"row\"><div class=\"kc-elm kc-css-339468 col-lg-12 column col-12\"><div class=\"kc-col-container\"><div class=\"div-wrapper kc-elm kc-css-538411 col-lg-6\">\n<div class=\"kc-elm kc-css-194000 kc-title-wrap \">\n\n\t<h1 class=\"kc_title\">Vodstvo podjetja<\/h1>\n<\/div>\n<div class=\"kc-elm kc-css-623651 kc_text_block\"><\/p>\n<p>\n<\/div><div class=\"clear\"><\/div>\n<div class=\"mod-id-776240 kc-elm kc-css-776240 kc-raw-code emigma-team-members\">\n    <div class=\"layout-grid-3 \">\n        \n            \n            <div class=\"item d-flex flex-column\">\n                                <div class=\"item-content\">\n                    <span class=\"d-block team-name\">\n                                                    Fabio Hrvatin                                            <\/span>\n                    <span class=\"d-block mb-3\">\n                                                    Direktor                                            <\/span>\n\n\n                    <span class=\"d-block mb-3\">\n                                                    <span class=\"blue-label\">telefon<\/span>\n                            <a class=\"text-dark\" href=\"tel:+386 (0)5 6633 031\">+386 (0)5 6633 031<\/a> \n                            \n                                            <\/span>\n                    <span class=\"d-block\">\n                                                    <span class=\"blue-label\">e-mail naslov<\/span>\n                            <a class=\"text-dark\" href=\"mailto:fabio@interservice.si\">fabio@interservice.si<\/a>\n                            \n                                            <\/span>\n                <\/div>\n            <\/div>\n        \n            \n            <div class=\"item d-flex flex-column\">\n                                <div class=\"item-content\">\n                    <span class=\"d-block team-name\">\n                                                    Igor Kuzelj                                            <\/span>\n                    <span class=\"d-block mb-3\">\n                                            <\/span>\n\n\n                    <span class=\"d-block mb-3\">\n                                                    <span class=\"blue-label\">telefon<\/span>\n                            <a class=\"text-dark\" href=\"tel:+386 (0)5 6633 033\">+386 (0)5 6633 033<\/a> \n                            \n                                            <\/span>\n                    <span class=\"d-block\">\n                                                    <span class=\"blue-label\">e-mail naslov<\/span>\n                            <a class=\"text-dark\" href=\"mailto:igor@interservice.si\">igor@interservice.si<\/a>\n                            \n                                            <\/span>\n                <\/div>\n            <\/div>\n        \n            \n            <div class=\"item d-flex flex-column\">\n                                <div class=\"item-content\">\n                    <span class=\"d-block team-name\">\n                                                    Leonida Praprotnik                                            <\/span>\n                    <span class=\"d-block mb-3\">\n                                            <\/span>\n\n\n                    <span class=\"d-block mb-3\">\n                                                    <span class=\"blue-label\">telefon<\/span>\n                            <a class=\"text-dark\" href=\"tel:+386 (0)4 2017 711\">+386 (0)4 2017 711<\/a> \n                            \n                                            <\/span>\n                    <span class=\"d-block\">\n                                                    <span class=\"blue-label\">e-mail naslov<\/span>\n                            <a class=\"text-dark\" href=\"mailto:leonida@interservice.si\">leonida@interservice.si<\/a>\n                            \n                                            <\/span>\n                <\/div>\n            <\/div>\n            <\/div>\n<\/div>\n\n\n\n<div class=\"clear\"><\/div>\n<\/div><\/div><\/div><\/div><\/div><\/section><section class=\"kc-elm kc-css-272778 kc_row\"><div class=\" container\"><div class=\"row\"><div class=\"kc-elm kc-css-436863 col-lg-12 column col-12\"><div class=\"kc-col-container\"><div class=\"div-wrapper kc-elm kc-css-566908 col-lg-6\">\n<div class=\"kc-elm kc-css-72790 kc-title-wrap \">\n\n\t<h1 class=\"kc_title\">Na\u0161e storitve<\/h1>\n<\/div>\n<div class=\"kc-elm kc-css-401510 kc_text_block\"><\/p>\n<p>V sodelovanju z najbolj strokovnimi agenti vam lahko zagotovimo optimalno storitev za prevoz va\u0161ega blaga po celem svetu.<\/p>\n<p>\n<\/div><\/div>\n\n<div class=\"clear\"><\/div>\n<div class=\"mod-id-208221 kc-elm kc-css-208221 kc-raw-code emigma-icon-box-outer custom\">\n    <div class=\"layout-grid-3\">\n        \n            \n                                    \n\n            <div class=\"item-box d-flex align-items-center\">\n                <div class=\"icon position-relative mr-3\">\n                    <img decoding=\"async\" src=\"https:\/\/interservice.si\/wp-content\/uploads\/2022\/08\/AdobeStock_290813334.png\" alt=\"\">\n                    <img decoding=\"async\" class=\"inner\" src=\"https:\/\/interservice.si\/wp-content\/uploads\/2022\/08\/Group-679.png\" alt=\"\">\n                <\/div>\n                <div class=\"content\">\n                    <p class=\"title\">Pretovor & prevoz<\/p>\n                    <a class=\"text-uppercase underline\" href=\"https:\/\/interservice.si\/sl\/storitve\/pretovor-in-prevoz\/\">Preberi ve\u010d<\/a>\n\n                <\/div>\n            <\/div>           \n\n        \n            \n                                    \n\n            <div class=\"item-box d-flex align-items-center\">\n                <div class=\"icon position-relative mr-3\">\n                    <img decoding=\"async\" src=\"https:\/\/interservice.si\/wp-content\/uploads\/2022\/09\/Perishable-Goods.png\" alt=\"\">\n                    <img decoding=\"async\" class=\"inner\" src=\"https:\/\/interservice.si\/wp-content\/uploads\/2022\/09\/Group-678.svg\" alt=\"\">\n                <\/div>\n                <div class=\"content\">\n                    <p class=\"title\">Pokvarljivo blago<\/p>\n                    <a class=\"text-uppercase underline\" href=\"https:\/\/interservice.si\/sl\/storitve\/pokvarljivo-blago\/\">Preberi ve\u010d<\/a>\n\n                <\/div>\n            <\/div>           \n\n        \n            \n                                    \n\n            <div class=\"item-box d-flex align-items-center\">\n                <div class=\"icon position-relative mr-3\">\n                    <img decoding=\"async\" src=\"https:\/\/interservice.si\/wp-content\/uploads\/2022\/09\/Air-Freight.png\" alt=\"\">\n                    <img decoding=\"async\" class=\"inner\" src=\"https:\/\/interservice.si\/wp-content\/uploads\/2022\/09\/Group-675.svg\" alt=\"\">\n                <\/div>\n                <div class=\"content\">\n                    <p class=\"title\">Letalski prevoz<\/p>\n                    <a class=\"text-uppercase underline\" href=\"https:\/\/interservice.si\/sl\/storitve\/letalski-prevoz\/\">Preberi ve\u010d<\/a>\n\n                <\/div>\n            <\/div>           \n\n        \n            \n                                    \n\n            <div class=\"item-box d-flex align-items-center\">\n                <div class=\"icon position-relative mr-3\">\n                    <img decoding=\"async\" src=\"https:\/\/interservice.si\/wp-content\/uploads\/2022\/09\/Sea-Fright.png\" alt=\"\">\n                    <img decoding=\"async\" class=\"inner\" src=\"https:\/\/interservice.si\/wp-content\/uploads\/2022\/09\/Group-680.svg\" alt=\"\">\n                <\/div>\n                <div class=\"content\">\n                    <p class=\"title\">Pomorski prevoz<\/p>\n                    <a class=\"text-uppercase underline\" href=\"https:\/\/interservice.si\/sl\/storitve\/pomorski-prevoz\/\">Preberi ve\u010d<\/a>\n\n                <\/div>\n            <\/div>           \n\n        \n            \n                                    \n\n            <div class=\"item-box d-flex align-items-center\">\n                <div class=\"icon position-relative mr-3\">\n                    <img decoding=\"async\" src=\"https:\/\/interservice.si\/wp-content\/uploads\/2022\/09\/Import-Export.png\" alt=\"\">\n                    <img decoding=\"async\" class=\"inner\" src=\"https:\/\/interservice.si\/wp-content\/uploads\/2022\/09\/Group-677.svg\" alt=\"\">\n                <\/div>\n                <div class=\"content\">\n                    <p class=\"title\">Uvoz & izvoz<\/p>\n                    <a class=\"text-uppercase underline\" href=\"https:\/\/interservice.si\/sl\/storitve\/uvoz-in-izvoz\/\">Preberi ve\u010d<\/a>\n\n                <\/div>\n            <\/div>           \n\n        \n            \n                                    \n\n            <div class=\"item-box d-flex align-items-center\">\n                <div class=\"icon position-relative mr-3\">\n                    <img decoding=\"async\" src=\"https:\/\/interservice.si\/wp-content\/uploads\/2022\/09\/Handling-of-Goods.png\" alt=\"\">\n                    <img decoding=\"async\" class=\"inner\" src=\"https:\/\/interservice.si\/wp-content\/uploads\/2022\/09\/Group-676.svg\" alt=\"\">\n                <\/div>\n                <div class=\"content\">\n                    <p class=\"title\">Ravnanje s tovorom<\/p>\n                    <a class=\"text-uppercase underline\" href=\"https:\/\/interservice.si\/sl\/storitve\/ravnanje-s-tovorom\/\">Preberi ve\u010d<\/a>\n\n                <\/div>\n            <\/div>           \n\n            <\/div>\n<\/div>\n<div class=\"clear\"><\/div><\/div><\/div><\/div><\/div><\/section><section class=\"kc-elm kc-css-403663 kc_row\"><div class=\" container\"><div class=\"row\"><div class=\"kc-elm kc-css-31555 col-lg-6 column py-3 py-lg-10 bg-offset-left\"><div class=\"kc-col-container\">\n<div class=\"kc-elm kc-css-548303 kc-title-wrap \">\n\n\t<h1 class=\"kc_title\">NA\u0160I CERTIFIKATI\r\n\r\n<\/h1>\n<\/div>\n<\/div><\/div><div class=\"kc-elm kc-css-327025 col-lg-6 column py-3 py-lg-10\"><div class=\"kc-col-container\"><div class=\"div-wrapper kc-elm kc-css-432102 layout-grid-3\"><div class=\"kc-elm kc-css-124005 kc_shortcode kc_single_image\">\n\n        <a  href=\"#\" title=\"\" target=\"_self\">\n        <img decoding=\"async\" src=\"https:\/\/interservice.si\/wp-content\/uploads\/2025\/12\/AAA_platinum_certificate.png\" class=\"\" alt=\"\" \/>    <\/a>\n    <\/div>\n<div class=\"kc-elm kc-css-152419 kc_shortcode kc_single_image\">\n\n        <a  href=\"#\" title=\"\" target=\"_self\">\n        <img decoding=\"async\" src=\"https:\/\/interservice.si\/wp-content\/uploads\/2022\/09\/Group-682.png\" class=\"\" alt=\"\" \/>    <\/a>\n    <\/div>\n<div class=\"kc-elm kc-css-643304 kc_shortcode kc_single_image\">\n\n        <a  href=\"#\" title=\"\" target=\"_self\">\n        <img decoding=\"async\" src=\"https:\/\/interservice.si\/wp-content\/uploads\/2025\/12\/eu-organic-logo.png\" class=\"\" alt=\"\" \/>    <\/a>\n    <\/div>\n<div class=\"kc-elm kc-css-962673 kc_shortcode kc_single_image\">\n\n        <a href=\"https:\/\/fiata.org\/\" title=\"\" target=\"_blank\" rel=\"noopener\">\n        <img decoding=\"async\" src=\"https:\/\/interservice.si\/wp-content\/uploads\/2022\/09\/Group-685.png\" class=\"\" alt=\"\" \/>    <\/a>\n    <\/div>\n<div class=\"kc-elm kc-css-693111 kc_shortcode kc_single_image\">\n\n        <a href=\"https:\/\/www.fu.gov.si\/carina\/poslovanje_z_nami\/pooblasceni_gospodarski_subjekt_aeo\/\" title=\"\" target=\"_blank\" rel=\"noopener\">\n        <img decoding=\"async\" src=\"https:\/\/interservice.si\/wp-content\/uploads\/2022\/09\/Group-684.png\" class=\"\" alt=\"\" \/>    <\/a>\n    <\/div>\n<\/div><\/div><\/div><\/div><\/div><\/section><\/p>\n","protected":false},"excerpt":{"rendered":"<p>Interservice d.o.o. Koper je logisti\u010dno podjetje ustanovljeno leta 1992. Na\u0161a glavna pisarna v pristani\u0161\u010du Luka Koper in na\u0161a nova poslovalnica na letali\u0161\u010du v Ljubljani nas postavljajo v sredi\u0161\u010de celotnega transportnega dogajanja.<\/p>\n","protected":false},"author":9,"featured_media":32379,"parent":0,"menu_order":27,"comment_status":"closed","ping_status":"closed","template":"page-templates\/fullwidthpage.php","meta":{"_acf_changed":false,"footnotes":""},"class_list":["post-32893","page","type-page","status-publish","has-post-thumbnail","hentry"],"acf":[],"_links":{"self":[{"href":"https:\/\/interservice.si\/sl\/wp-json\/wp\/v2\/pages\/32893","targetHints":{"allow":["GET"]}}],"collection":[{"href":"https:\/\/interservice.si\/sl\/wp-json\/wp\/v2\/pages"}],"about":[{"href":"https:\/\/interservice.si\/sl\/wp-json\/wp\/v2\/types\/page"}],"author":[{"embeddable":true,"href":"https:\/\/interservice.si\/sl\/wp-json\/wp\/v2\/users\/9"}],"replies":[{"embeddable":true,"href":"https:\/\/interservice.si\/sl\/wp-json\/wp\/v2\/comments?post=32893"}],"version-history":[{"count":19,"href":"https:\/\/interservice.si\/sl\/wp-json\/wp\/v2\/pages\/32893\/revisions"}],"predecessor-version":[{"id":33472,"href":"https:\/\/interservice.si\/sl\/wp-json\/wp\/v2\/pages\/32893\/revisions\/33472"}],"wp:featuredmedia":[{"embeddable":true,"href":"https:\/\/interservice.si\/sl\/wp-json\/wp\/v2\/media\/32379"}],"wp:attachment":[{"href":"https:\/\/interservice.si\/sl\/wp-json\/wp\/v2\/media?parent=32893"}],"curies":[{"name":"wp","href":"https:\/\/api.w.org\/{rel}","templated":true}]}}